{"id":636,"date":"2019-03-06T17:16:29","date_gmt":"2019-03-06T16:16:29","guid":{"rendered":"https:\/\/coudrevosenvies.fr\/?page_id=636"},"modified":"2023-04-30T22:13:11","modified_gmt":"2023-04-30T20:13:11","slug":"mon-armoire-a-tissu","status":"publish","type":"page","link":"https:\/\/coudrevosenvies.fr\/en\/mon-armoire-a-tissu\/","title":{"rendered":"My Fabric Closet"},"content":{"rendered":"<style type=\"text\/css\">\n\t#foogallery-gallery-965 .fg-image {\n        width: 150px;\n    }\n<\/style>\n\t\t\t\t<div class=\"foogallery foogallery-container foogallery-default foogallery-lightbox-foobox fg-gutter-10 fg-center fg-default fg-light fg-border-thin fg-shadow-outline fg-loading-default fg-loaded-fade-in fg-caption-hover fg-hover-fade fg-hover-zoom fg-ready\" id=\"foogallery-gallery-965\" data-foogallery=\"{&quot;item&quot;:{&quot;showCaptionTitle&quot;:true,&quot;showCaptionDescription&quot;:true},&quot;lazy&quot;:true}\" >\n\t<div class=\"fg-item fg-type-image fg-idle\"><figure class=\"fg-item-inner\"><a href=\"https:\/\/coudrevosenvies.fr\/wp-content\/uploads\/2020\/05\/eponge-bambou.jpg\" data-caption-title=\"Eponge de bambou, fibre naturelle tr\u00e8s absorbante &amp;amp; douceur\" data-caption-desc=\"Linge-de-toilette-fabrication-sur- mesure\" data-attachment-id=\"1653\" data-type=\"image\" class=\"fg-thumb\"><span class=\"fg-image-wrap\"><img decoding=\"async\" alt=\"La fibre de bambou est id\u00e9ale pour fabriqu\u00e9e les serviettes \u00e0 cheveux pour sa qualit\u00e9 d&#039;absorbtion\" title=\"Eponge de bambou, fibre naturelle tr\u00e8s absorbante &amp; douceur\" width=\"150\" height=\"150\" class=\"skip-lazy fg-image\" data-src-fg=\"https:\/\/coudrevosenvies.fr\/wp-content\/uploads\/cache\/2020\/05\/eponge-bambou\/-441023651.jpg\" src=\"data:image\/svg+xml,%3Csvg%20xmlns%3D%22http%3A%2F%2Fwww.w3.org%2F2000%2Fsvg%22%20width%3D%22150%22%20height%3D%22150%22%20viewBox%3D%220%200%20150%20150%22%3E%3C%2Fsvg%3E\" loading=\"eager\"><\/span><span class=\"fg-image-overlay\"><\/span><\/a><figcaption class=\"fg-caption\"><div class=\"fg-caption-inner\"><div class=\"fg-caption-title\">Eponge de bambou, fibre naturelle tr\u00e8s absorbante &amp; douceur<\/div><div class=\"fg-caption-desc\">Linge-de-toilette-fabrication-sur- mesure<\/div><\/div><\/figcaption><\/figure><div class=\"fg-loader\"><\/div><\/div><div class=\"fg-item fg-type-image fg-idle\"><figure class=\"fg-item-inner\"><a href=\"https:\/\/coudrevosenvies.fr\/wp-content\/uploads\/2020\/05\/eponge-025-CECILE-COUTURE.jpg\" data-caption-title=\"\u00e9ponges 400g  fabrication serviettes, draps de bain et capes enfants, +20 coloris, biais assorti\" data-caption-desc=\"sur mesure, personnalisation, tissu fran\u00e7ais, artisan d&#039;art, Origin&#039;Ain, cour couture, haute qualit\u00e9, r\u00e9par&#039;acteurs\" data-attachment-id=\"1335\" data-type=\"image\" class=\"fg-thumb\"><span class=\"fg-image-wrap\"><img decoding=\"async\" alt=\"C\u00e9cile Cr\u00e9ations \u00e9ponges 400g fabrication serviettes, draps de bain et capes enfants, +20 coloris, biais assorti\" title=\"\u00e9ponges 400g  fabrication serviettes, draps de bain et capes enfants, +20 coloris, biais assorti\" width=\"150\" height=\"150\" class=\"skip-lazy fg-image\" data-src-fg=\"https:\/\/coudrevosenvies.fr\/wp-content\/uploads\/cache\/2020\/05\/eponge-025-CECILE-COUTURE\/51949949.jpg\" src=\"data:image\/svg+xml,%3Csvg%20xmlns%3D%22http%3A%2F%2Fwww.w3.org%2F2000%2Fsvg%22%20width%3D%22150%22%20height%3D%22150%22%20viewBox%3D%220%200%20150%20150%22%3E%3C%2Fsvg%3E\" loading=\"eager\"><\/span><span class=\"fg-image-overlay\"><\/span><\/a><figcaption class=\"fg-caption\"><div class=\"fg-caption-inner\"><div class=\"fg-caption-title\">\u00e9ponges 400g  fabrication serviettes, draps de bain et capes enfants, +20 coloris, biais assorti<\/div><div class=\"fg-caption-desc\">sur mesure, personnalisation, tissu fran\u00e7ais, artisan d'art, Origin'Ain, cour couture, haute qualit\u00e9, r\u00e9par'acteurs<\/div><\/div><\/figcaption><\/figure><div class=\"fg-loader\"><\/div><\/div><div class=\"fg-item fg-type-image fg-idle\"><figure class=\"fg-item-inner\"><a href=\"https:\/\/coudrevosenvies.fr\/wp-content\/uploads\/2020\/05\/isolant-voilage-006-CECILE-COUTURE.jpg\" data-caption-title=\"Tissu Isolant thermique &amp;amp; occultant oeillets inoxydables mat\" data-caption-desc=\"C\u00e9cile Cr\u00e9ations nuancier pour rideaux occultants logo Origin&#039;Ain\" data-attachment-id=\"1337\" data-type=\"image\" class=\"fg-thumb\"><span class=\"fg-image-wrap\"><img decoding=\"async\" alt=\"sur mesure, personnalisation, tissu fran\u00e7ais, artisan d&#039;art, Origin&#039;Ain, cour couture, haute qualit\u00e9, r\u00e9par&#039;acteurs\" title=\"Tissu Isolant thermique &amp; occultant oeillets inoxydables mat\" width=\"150\" height=\"150\" class=\"skip-lazy fg-image\" data-src-fg=\"https:\/\/coudrevosenvies.fr\/wp-content\/uploads\/cache\/2020\/05\/isolant-voilage-006-CECILE-COUTURE\/-1792641764.jpg\" src=\"data:image\/svg+xml,%3Csvg%20xmlns%3D%22http%3A%2F%2Fwww.w3.org%2F2000%2Fsvg%22%20width%3D%22150%22%20height%3D%22150%22%20viewBox%3D%220%200%20150%20150%22%3E%3C%2Fsvg%3E\" loading=\"eager\"><\/span><span class=\"fg-image-overlay\"><\/span><\/a><figcaption class=\"fg-caption\"><div class=\"fg-caption-inner\"><div class=\"fg-caption-title\">Tissu Isolant thermique &amp; occultant oeillets inoxydables mat<\/div><div class=\"fg-caption-desc\">C\u00e9cile Cr\u00e9ations nuancier pour rideaux occultants logo Origin'Ain<\/div><\/div><\/figcaption><\/figure><div class=\"fg-loader\"><\/div><\/div><div class=\"fg-item fg-type-image fg-idle\"><figure class=\"fg-item-inner\"><a href=\"https:\/\/coudrevosenvies.fr\/wp-content\/uploads\/2020\/05\/voilage-rideau-outils-004-CECILE-COUTURE.jpg\" data-caption-title=\"Jacquard motifs imprim\u00e9s et voilage Fran\u00e7ais oeillets inoxydables mat, confection sur mesure\" data-caption-desc=\"sur mesure, personnalisation, tissu fran\u00e7ais, artisan d&#039;art, Origin&#039;Ain, cour couture, haute qualit\u00e9, r\u00e9par&#039;acteurs\" data-attachment-id=\"1336\" data-type=\"image\" class=\"fg-thumb\"><span class=\"fg-image-wrap\"><img decoding=\"async\" alt=\"Couture C\u00e9cile Cr\u00e9ations Jacquard motifs imprim\u00e9s et voilage Fran\u00e7ais oeillets inoxydables mat, confection sur mesure\" title=\"Jacquard motifs imprim\u00e9s et voilage Fran\u00e7ais oeillets inoxydables mat, confection sur mesure\" width=\"150\" height=\"150\" class=\"skip-lazy fg-image\" data-src-fg=\"https:\/\/coudrevosenvies.fr\/wp-content\/uploads\/cache\/2020\/05\/voilage-rideau-outils-004-CECILE-COUTURE\/-1784460870.jpg\" src=\"data:image\/svg+xml,%3Csvg%20xmlns%3D%22http%3A%2F%2Fwww.w3.org%2F2000%2Fsvg%22%20width%3D%22150%22%20height%3D%22150%22%20viewBox%3D%220%200%20150%20150%22%3E%3C%2Fsvg%3E\" loading=\"eager\"><\/span><span class=\"fg-image-overlay\"><\/span><\/a><figcaption class=\"fg-caption\"><div class=\"fg-caption-inner\"><div class=\"fg-caption-title\">Jacquard motifs imprim\u00e9s et voilage Fran\u00e7ais oeillets inoxydables mat, confection sur mesure<\/div><div class=\"fg-caption-desc\">sur mesure, personnalisation, tissu fran\u00e7ais, artisan d'art, Origin'Ain, cour couture, haute qualit\u00e9, r\u00e9par'acteurs<\/div><\/div><\/figcaption><\/figure><div class=\"fg-loader\"><\/div><\/div><div class=\"fg-item fg-type-image fg-idle\"><figure class=\"fg-item-inner\"><a href=\"https:\/\/coudrevosenvies.fr\/wp-content\/uploads\/2020\/05\/voilage-100-recycle.jpg\" data-attachment-id=\"1661\" data-type=\"image\" class=\"fg-thumb\"><span class=\"fg-image-wrap\"><img decoding=\"async\" alt=\"C\u00e9cile Cr\u00e9ations voilage sur-mesure 100% fils recycl\u00e9 logo papillon\" width=\"150\" height=\"150\" class=\"skip-lazy fg-image\" data-src-fg=\"https:\/\/coudrevosenvies.fr\/wp-content\/uploads\/cache\/2020\/05\/voilage-100-recycle\/-2005350521.jpg\" src=\"data:image\/svg+xml,%3Csvg%20xmlns%3D%22http%3A%2F%2Fwww.w3.org%2F2000%2Fsvg%22%20width%3D%22150%22%20height%3D%22150%22%20viewBox%3D%220%200%20150%20150%22%3E%3C%2Fsvg%3E\" loading=\"eager\"><\/span><span class=\"fg-image-overlay\"><\/span><\/a><figcaption class=\"fg-caption\"><div class=\"fg-caption-inner\"><\/div><\/figcaption><\/figure><div class=\"fg-loader\"><\/div><\/div><div class=\"fg-item fg-type-image fg-idle\"><figure class=\"fg-item-inner\"><a href=\"https:\/\/coudrevosenvies.fr\/wp-content\/uploads\/2020\/05\/outdoor-20210730_154133.jpg\" data-caption-title=\"tissu outdoor D\u00e9perlant, R\u00e9sistant au chlore &amp;amp; H. r\u00e9sistance \u00e0 la lumi\u00e8re, mousse H. R\u00e9silience\" data-caption-desc=\"sur mesure, personnalisation, tissu fran\u00e7ais, artisan d&#039;art, Origin&#039;Ain, cour couture, haute qualit\u00e9, r\u00e9par&#039;acteurs\" data-attachment-id=\"1333\" data-type=\"image\" class=\"fg-thumb\"><span class=\"fg-image-wrap\"><img decoding=\"async\" alt=\"Couture C\u00e9cile Cr\u00e9ations tissu outdoor D\u00e9perlant, R\u00e9sistant au chlore &amp; H. r\u00e9sistance \u00e0 la lumi\u00e8re, mousse H. R\u00e9silience\" title=\"tissu outdoor D\u00e9perlant, R\u00e9sistant au chlore &amp; H. r\u00e9sistance \u00e0 la lumi\u00e8re, mousse H. R\u00e9silience\" width=\"150\" height=\"150\" class=\"skip-lazy fg-image\" data-src-fg=\"https:\/\/coudrevosenvies.fr\/wp-content\/uploads\/cache\/2020\/05\/outdoor-20210730_154133\/-1841911918.jpg\" src=\"data:image\/svg+xml,%3Csvg%20xmlns%3D%22http%3A%2F%2Fwww.w3.org%2F2000%2Fsvg%22%20width%3D%22150%22%20height%3D%22150%22%20viewBox%3D%220%200%20150%20150%22%3E%3C%2Fsvg%3E\" loading=\"eager\"><\/span><span class=\"fg-image-overlay\"><\/span><\/a><figcaption class=\"fg-caption\"><div class=\"fg-caption-inner\"><div class=\"fg-caption-title\">tissu outdoor D\u00e9perlant, R\u00e9sistant au chlore &amp; H. r\u00e9sistance \u00e0 la lumi\u00e8re, \nmousse H. R\u00e9silience<\/div><div class=\"fg-caption-desc\">sur mesure, personnalisation, tissu fran\u00e7ais, artisan d'art, Origin'Ain, cour couture, haute qualit\u00e9, r\u00e9par'acteurs<\/div><\/div><\/figcaption><\/figure><div class=\"fg-loader\"><\/div><\/div><div class=\"fg-item fg-type-image fg-idle\"><figure class=\"fg-item-inner\"><a href=\"https:\/\/coudrevosenvies.fr\/wp-content\/uploads\/2020\/05\/eponge-nid-dabeille-toile-de-coton.jpg\" data-caption-title=\"Coussins en toile de coton rouge, serviette en \u00e9ponge coloris ficelle, essuie-main nid d&#039;abeille rouge\" data-caption-desc=\"Linge-de-maison-fabrication-sur- mesure\" data-attachment-id=\"1652\" data-type=\"image\" class=\"fg-thumb\"><span class=\"fg-image-wrap\"><img decoding=\"async\" alt=\"Les accessoires r\u00e9alis\u00e9s par C\u00e9cile Cr\u00e9ations fabricantes de linge de maison sont dispos\u00e9s ur un banc en bois \u00e9clair\u00e9 par un rayon de soleil\" title=\"Coussins en toile de coton rouge, serviette en \u00e9ponge coloris ficelle, essuie-main nid d&#039;abeille rouge\" width=\"150\" height=\"150\" class=\"skip-lazy fg-image\" data-src-fg=\"https:\/\/coudrevosenvies.fr\/wp-content\/uploads\/cache\/2020\/05\/eponge-nid-dabeille-toile-de-coton\/-1904593108.jpg\" src=\"data:image\/svg+xml,%3Csvg%20xmlns%3D%22http%3A%2F%2Fwww.w3.org%2F2000%2Fsvg%22%20width%3D%22150%22%20height%3D%22150%22%20viewBox%3D%220%200%20150%20150%22%3E%3C%2Fsvg%3E\" loading=\"eager\"><\/span><span class=\"fg-image-overlay\"><\/span><\/a><figcaption class=\"fg-caption\"><div class=\"fg-caption-inner\"><div class=\"fg-caption-title\">Coussins en toile de coton rouge, serviette en \u00e9ponge coloris ficelle, essuie-main nid d'abeille rouge<\/div><div class=\"fg-caption-desc\">Linge-de-maison-fabrication-sur- mesure<\/div><\/div><\/figcaption><\/figure><div class=\"fg-loader\"><\/div><\/div><\/div>\n\n<p><span style=\"font-size: 14pt;\">L\u2019atelier C\u00e9cile Cr\u00e9ations, Coudre vos Envies\u00ae\u00a0 dispose d\u2019une grande vari\u00e9t\u00e9 de textiles qui se d\u00e9clinent en diff\u00e9rents coloris et mati\u00e8res provenant exclusivement de fournisseurs Fran\u00e7ais.\u00a0<\/span><\/p>\n<p><span style=\"font-size: 14pt;\">Je s\u00e9lectionne pour vous des \u00e9toffes de bonne composition faciles \u00e0 utiliser dans votre maison et \u00e0 entretenir. Leur qualit\u00e9 garantie une bonne tenue dans la dur\u00e9e et elle est certifi\u00e9e avec le <b>label<\/b>\u00a0\u0152ko-<b>Tex Standard 100<\/b> dont la composition ne pr\u00e9sente aucun produit nocif pour la sant\u00e9 et la peau.<\/span><\/p>\n<p><span style=\"font-size: 14pt;\">Dans mon armoire, vous trouverez un large choix de tissus au m\u00e8tre, imprim\u00e9s ou unis:<\/span><\/p>\n<p><span style=\"font-size: 14pt;\"><span style=\"text-decoration: underline;\">Pour les enfants<\/span>: des matelass\u00e9s et des cotonnades avec des motifs th\u00e9matiques dynamiques et joyeux. Les collections sont renouvell\u00e9es chaque ann\u00e9e, et s&rsquo;adaptent \u00e0 votre famille.<\/span><\/p>\n<p><span style=\"font-size: 14pt;\"><span style=\"text-decoration: underline;\">Pour le linge de maion<\/span> : du velour, de la soie, de la toile de coton, du nid d&rsquo;abeille, <a href=\"https:\/\/coudrevosenvies.fr\/en\/eboutique\/rideaux\/169-occultant.html\/\" target=\"_blank\" rel=\"noopener\">du textile isolant thermique et\u00a0 phonique <\/a>, du voile de coton, <a href=\"https:\/\/coudrevosenvies.fr\/en\/eboutique\/rideaux\/189-voilage-fils-100-recycle.html\/\" target=\"_blank\" rel=\"noopener\">du voilage en polyester recycl\u00e9<\/a>.<\/span><\/p>\n<p><span style=\"text-decoration: underline;\"><span style=\"font-size: 14pt;\">Pour le linge de table<\/span><\/span><span style=\"font-size: 14pt;\">: <\/span><span style=\"font-size: 14pt;\">du jacquard tiss\u00e9, du coton, du lin, du ramie (fibre d&rsquo;ortie) 100% naturel ou enduits et anti-taches.\u00a0<\/span><\/p>\n<p><span style=\"font-size: 14pt;\"><span style=\"text-decoration: underline;\">Pour le linge de toilette<\/span>: de l&rsquo;\u00e9ponge en coton 400G\/m\u00b2, de l&rsquo; <a href=\"https:\/\/coudrevosenvies.fr\/en\/eboutique\/linge-toilette\/181-serviette-seche-cheveux-bambou-eponge.html\/\" target=\"_blank\" rel=\"noopener\">\u00e9ponge de bambou<\/a> pour les serviettes \u00e0 cheveux et la fibre eucalyptus pour les <a href=\"https:\/\/coudrevosenvies.fr\/en\/eboutique\/eco-responsables\/194-lot-7-lingettes-demaquillantes-reutilisables-oekotex.html\/\" target=\"_blank\" rel=\"noopener\">lingettes d\u00e9maquillantes<\/a><\/span><\/p>\n<p><span style=\"font-size: 14pt;\"><span style=\"text-decoration: underline;\">Pour l&rsquo;ext\u00e9rieur<\/span>: <a href=\"https:\/\/coudrevosenvies.fr\/en\/eboutique\/coussins\/172-coussin-exterieur-deperlant-sur-mesure.html\/\" target=\"_blank\" rel=\"noopener\">du tissu outdoor resistant \u00e0 la lumi\u00e8re au chlore et \u00e0 l&rsquo;humidit\u00e9<\/a>,\u00a0<\/span><\/p>\n<p><span style=\"font-size: 14pt;\">Above you have an overview of the fabric models currently available in my wardrobe. Know that other selections await you in my workshop, they evolve regularly according to the collections of French manufacturers.<\/span><\/p>\n<p><span style=\"font-size: 14pt;\">Depending on your needs or desires, I also make textile purchases on request. You just have to place an order with me specifying the dimensions and the quality of the fabric you want.<\/span><\/p>\n<p><span style=\"font-size: 14pt;\">I also suggest that you make your accessories with the textiles provided by you.<\/span><\/p>","protected":false},"excerpt":{"rendered":"<p>L\u2019atelier C\u00e9cile Cr\u00e9ations, Coudre vos Envies\u00ae\u00a0 dispose d\u2019une grande vari\u00e9t\u00e9 de textiles qui se d\u00e9clinent en diff\u00e9rents coloris et mati\u00e8res provenant exclusivement de fournisseurs Fran\u00e7ais.\u00a0 Je s\u00e9lectionne pour vous des \u00e9toffes de bonne composition faciles \u00e0 utiliser dans votre maison et \u00e0 entretenir. Leur qualit\u00e9 garantie une bonne tenue dans\u2026<\/p>\n<p> <a class=\"continue-reading-link\" href=\"https:\/\/coudrevosenvies.fr\/en\/mon-armoire-a-tissu\/\"><span>See more<\/span><i class=\"crycon-right-dir\"><\/i><\/a> <\/p>","protected":false},"author":1,"featured_media":0,"parent":0,"menu_order":0,"comment_status":"closed","ping_status":"closed","template":"","meta":{"footnotes":""},"yoast_head":"<!-- This site is optimized with the Yoast SEO plugin v20.4 - https:\/\/yoast.com\/wordpress\/plugins\/seo\/ -->\n<title>Mon armoire \u00e0 tissu - Couture C\u00e9cile Cr\u00e9ations<\/title>\n<meta name=\"robots\" content=\"index, follow, max-snippet:-1, max-image-preview:large, max-video-preview:-1\" \/>\n<link rel=\"canonical\" href=\"https:\/\/coudrevosenvies.fr\/en\/mon-armoire-a-tissu\/\" \/>\n<meta property=\"og:locale\" content=\"en_GB\" \/>\n<meta property=\"og:type\" content=\"article\" \/>\n<meta property=\"og:title\" content=\"Mon armoire \u00e0 tissu - Couture C\u00e9cile Cr\u00e9ations\" \/>\n<meta property=\"og:description\" content=\"L\u2019atelier C\u00e9cile Cr\u00e9ations, Coudre vos Envies\u00ae\u00a0 dispose d\u2019une grande vari\u00e9t\u00e9 de textiles qui se d\u00e9clinent en diff\u00e9rents coloris et mati\u00e8res provenant exclusivement de fournisseurs Fran\u00e7ais.\u00a0 Je s\u00e9lectionne pour vous des \u00e9toffes de bonne composition faciles \u00e0 utiliser dans votre maison et \u00e0 entretenir. Leur qualit\u00e9 garantie une bonne tenue dans\u2026 Voir plus\" \/>\n<meta property=\"og:url\" content=\"https:\/\/coudrevosenvies.fr\/en\/mon-armoire-a-tissu\/\" \/>\n<meta property=\"og:site_name\" content=\"Couture C\u00e9cile Cr\u00e9ations\" \/>\n<meta property=\"article:modified_time\" content=\"2023-04-30T20:13:11+00:00\" \/>\n<meta name=\"twitter:card\" content=\"summary_large_image\" \/>\n<meta name=\"twitter:label1\" content=\"Estimated reading time\" \/>\n\t<meta name=\"twitter:data1\" content=\"2 minutes\" \/>\n<script type=\"application\/ld+json\" class=\"yoast-schema-graph\">{\"@context\":\"https:\/\/schema.org\",\"@graph\":[{\"@type\":\"WebPage\",\"@id\":\"https:\/\/coudrevosenvies.fr\/mon-armoire-a-tissu\/\",\"url\":\"https:\/\/coudrevosenvies.fr\/mon-armoire-a-tissu\/\",\"name\":\"Mon armoire \u00e0 tissu - Couture C\u00e9cile Cr\u00e9ations\",\"isPartOf\":{\"@id\":\"https:\/\/coudrevosenvies.fr\/#website\"},\"datePublished\":\"2019-03-06T16:16:29+00:00\",\"dateModified\":\"2023-04-30T20:13:11+00:00\",\"breadcrumb\":{\"@id\":\"https:\/\/coudrevosenvies.fr\/mon-armoire-a-tissu\/#breadcrumb\"},\"inLanguage\":\"en-GB\",\"potentialAction\":[{\"@type\":\"ReadAction\",\"target\":[\"https:\/\/coudrevosenvies.fr\/mon-armoire-a-tissu\/\"]}]},{\"@type\":\"BreadcrumbList\",\"@id\":\"https:\/\/coudrevosenvies.fr\/mon-armoire-a-tissu\/#breadcrumb\",\"itemListElement\":[{\"@type\":\"ListItem\",\"position\":1,\"name\":\"Accueil\",\"item\":\"https:\/\/coudrevosenvies.fr\/\"},{\"@type\":\"ListItem\",\"position\":2,\"name\":\"Mon armoire \u00e0 tissu\"}]},{\"@type\":\"WebSite\",\"@id\":\"https:\/\/coudrevosenvies.fr\/#website\",\"url\":\"https:\/\/coudrevosenvies.fr\/\",\"name\":\"Couture C\u00e9cile Cr\u00e9ations\",\"description\":\"Coudre vos Envies\",\"potentialAction\":[{\"@type\":\"SearchAction\",\"target\":{\"@type\":\"EntryPoint\",\"urlTemplate\":\"https:\/\/coudrevosenvies.fr\/?s={search_term_string}\"},\"query-input\":\"required name=search_term_string\"}],\"inLanguage\":\"en-GB\"}]}<\/script>\n<!-- \/ Yoast SEO plugin. -->","yoast_head_json":{"title":"Mon armoire \u00e0 tissu - Couture C\u00e9cile Cr\u00e9ations","robots":{"index":"index","follow":"follow","max-snippet":"max-snippet:-1","max-image-preview":"max-image-preview:large","max-video-preview":"max-video-preview:-1"},"canonical":"https:\/\/coudrevosenvies.fr\/en\/mon-armoire-a-tissu\/","og_locale":"en_GB","og_type":"article","og_title":"Mon armoire \u00e0 tissu - Couture C\u00e9cile Cr\u00e9ations","og_description":"L\u2019atelier C\u00e9cile Cr\u00e9ations, Coudre vos Envies\u00ae\u00a0 dispose d\u2019une grande vari\u00e9t\u00e9 de textiles qui se d\u00e9clinent en diff\u00e9rents coloris et mati\u00e8res provenant exclusivement de fournisseurs Fran\u00e7ais.\u00a0 Je s\u00e9lectionne pour vous des \u00e9toffes de bonne composition faciles \u00e0 utiliser dans votre maison et \u00e0 entretenir. Leur qualit\u00e9 garantie une bonne tenue dans\u2026 Voir plus","og_url":"https:\/\/coudrevosenvies.fr\/en\/mon-armoire-a-tissu\/","og_site_name":"Couture C\u00e9cile Cr\u00e9ations","article_modified_time":"2023-04-30T20:13:11+00:00","twitter_card":"summary_large_image","twitter_misc":{"Estimated reading time":"2 minutes"},"schema":{"@context":"https:\/\/schema.org","@graph":[{"@type":"WebPage","@id":"https:\/\/coudrevosenvies.fr\/mon-armoire-a-tissu\/","url":"https:\/\/coudrevosenvies.fr\/mon-armoire-a-tissu\/","name":"Mon armoire \u00e0 tissu - Couture C\u00e9cile Cr\u00e9ations","isPartOf":{"@id":"https:\/\/coudrevosenvies.fr\/#website"},"datePublished":"2019-03-06T16:16:29+00:00","dateModified":"2023-04-30T20:13:11+00:00","breadcrumb":{"@id":"https:\/\/coudrevosenvies.fr\/mon-armoire-a-tissu\/#breadcrumb"},"inLanguage":"en-GB","potentialAction":[{"@type":"ReadAction","target":["https:\/\/coudrevosenvies.fr\/mon-armoire-a-tissu\/"]}]},{"@type":"BreadcrumbList","@id":"https:\/\/coudrevosenvies.fr\/mon-armoire-a-tissu\/#breadcrumb","itemListElement":[{"@type":"ListItem","position":1,"name":"Accueil","item":"https:\/\/coudrevosenvies.fr\/"},{"@type":"ListItem","position":2,"name":"Mon armoire \u00e0 tissu"}]},{"@type":"WebSite","@id":"https:\/\/coudrevosenvies.fr\/#website","url":"https:\/\/coudrevosenvies.fr\/","name":"Couture C\u00e9cile Cr\u00e9ations","description":"Coudre vos Envies","potentialAction":[{"@type":"SearchAction","target":{"@type":"EntryPoint","urlTemplate":"https:\/\/coudrevosenvies.fr\/?s={search_term_string}"},"query-input":"required name=search_term_string"}],"inLanguage":"en-GB"}]}},"_links":{"self":[{"href":"https:\/\/coudrevosenvies.fr\/en\/wp-json\/wp\/v2\/pages\/636"}],"collection":[{"href":"https:\/\/coudrevosenvies.fr\/en\/wp-json\/wp\/v2\/pages"}],"about":[{"href":"https:\/\/coudrevosenvies.fr\/en\/wp-json\/wp\/v2\/types\/page"}],"author":[{"embeddable":true,"href":"https:\/\/coudrevosenvies.fr\/en\/wp-json\/wp\/v2\/users\/1"}],"replies":[{"embeddable":true,"href":"https:\/\/coudrevosenvies.fr\/en\/wp-json\/wp\/v2\/comments?post=636"}],"version-history":[{"count":25,"href":"https:\/\/coudrevosenvies.fr\/en\/wp-json\/wp\/v2\/pages\/636\/revisions"}],"predecessor-version":[{"id":1669,"href":"https:\/\/coudrevosenvies.fr\/en\/wp-json\/wp\/v2\/pages\/636\/revisions\/1669"}],"wp:attachment":[{"href":"https:\/\/coudrevosenvies.fr\/en\/wp-json\/wp\/v2\/media?parent=636"}],"curies":[{"name":"wp","href":"https:\/\/api.w.org\/{rel}","templated":true}]}}