{"id":205,"date":"2018-06-12T19:46:37","date_gmt":"2018-06-12T17:46:37","guid":{"rendered":"http:\/\/coudrevosenvies.fr\/?page_id=205"},"modified":"2023-05-10T14:19:07","modified_gmt":"2023-05-10T12:19:07","slug":"couture-conseils-sur-mesure","status":"publish","type":"page","link":"https:\/\/coudrevosenvies.fr\/en\/couture-conseils-sur-mesure\/","title":{"rendered":"Tailor-Made advice"},"content":{"rendered":"<p><span style=\"font-size: 14pt;\">Local craftswoman,<\/span><\/p>\n<p><span style=\"font-size: 14pt;\"><strong>I accompany you and advise you in the realization of <\/strong><strong>your home decor accessory from A to Z. <\/strong><\/span><\/p>\n<p><span style=\"font-size: 14pt;\">Whether you need a simple advice or you want a solution to make your article, I travel to learn about your project and help you in your choices.<\/span><\/p>\n<p><span style=\"font-size: 14pt;\">Then, we define together the way to make your accessory so that it corresponds to your idea and your tastes.<\/span><\/p>\n<p><span style=\"font-size: 14pt;\">My consulting service includes:<\/span><\/p>\n<ul>\n<li><span style=\"font-size: 14pt;\">Taking measurements<\/span><\/li>\n<li><span style=\"font-size: 14pt;\">Help with fabric selection<\/span><\/li>\n<li><span style=\"font-size: 14pt;\">The establishment of a precise estimate<\/span><\/li>\n<li><span style=\"font-size: 14pt;\">The fitting for the finishes<\/span><\/li>\n<\/ul>\n<p><span style=\"font-size: 14pt;\"><a href=\"https:\/\/coudrevosenvies.fr\/en\/cecilefrezet-couture-belley-01\/\"><strong>Tell me about your project<\/strong>\u00a0! By clicking on this link<\/a><\/span><\/p>\n<p>\u00a0<\/p>\n\n<div class=\"wp-block-image\">\n<figure class=\"alignleft size-large is-resized\"><img loading=\"lazy\" decoding=\"async\" src=\"https:\/\/coudrevosenvies.fr\/wp-content\/uploads\/2021\/09\/Atelier-V.-Bernard-avril21_0192-1024x620.jpg\" alt=\"C\u00e9cile Cr\u00e9ations \" class=\"wp-image-1362\" width=\"475\" height=\"287\"\/><figcaption class=\"wp-element-caption\">Fabricante de Linge de Maison Sur Mesure, Artisan d&rsquo;Art<\/figcaption><\/figure><\/div>","protected":false},"excerpt":{"rendered":"<p>Artisane fabricante de proximit\u00e9, je vous accompagne et vous conseille dans la r\u00e9alisation de votre accessoire de d\u00e9coration de la maison de A \u00e0 Z. Que vous ayez besoin d\u2019un simple conseil ou que vous souhaitiez une solution pour r\u00e9aliser votre article, je me d\u00e9place pour prendre connaissance de votre\u2026<\/p>\n<p> <a class=\"continue-reading-link\" href=\"https:\/\/coudrevosenvies.fr\/en\/couture-conseils-sur-mesure\/\"><span>See more<\/span><i class=\"crycon-right-dir\"><\/i><\/a> <\/p>","protected":false},"author":1,"featured_media":0,"parent":0,"menu_order":0,"comment_status":"closed","ping_status":"closed","template":"","meta":{"footnotes":""},"yoast_head":"<!-- This site is optimized with the Yoast SEO plugin v20.4 - https:\/\/yoast.com\/wordpress\/plugins\/seo\/ -->\n<title>C\u00e9cile Cr\u00e9ations, des conseils de couture sp\u00e9cialis\u00e9s dans l&#039;Ain<\/title>\n<meta name=\"description\" content=\"Atelier de couture sp\u00e9cialis\u00e9, je donne des conseils ajust\u00e9s \u00e0 votre besoin. J&#039;accompagne votre projet de d\u00e9coration textile de A \u00e0 Z.\" \/>\n<meta name=\"robots\" content=\"index, follow, max-snippet:-1, max-image-preview:large, max-video-preview:-1\" \/>\n<link rel=\"canonical\" href=\"https:\/\/coudrevosenvies.fr\/en\/couture-conseils-sur-mesure\/\" \/>\n<meta property=\"og:locale\" content=\"en_GB\" \/>\n<meta property=\"og:type\" content=\"article\" \/>\n<meta property=\"og:title\" content=\"C\u00e9cile Cr\u00e9ations, des conseils de couture sp\u00e9cialis\u00e9s dans l&#039;Ain\" \/>\n<meta property=\"og:description\" content=\"Atelier de couture sp\u00e9cialis\u00e9, je donne des conseils ajust\u00e9s \u00e0 votre besoin. J&#039;accompagne votre projet de d\u00e9coration textile de A \u00e0 Z.\" \/>\n<meta property=\"og:url\" content=\"https:\/\/coudrevosenvies.fr\/en\/couture-conseils-sur-mesure\/\" \/>\n<meta property=\"og:site_name\" content=\"Couture C\u00e9cile Cr\u00e9ations\" \/>\n<meta property=\"article:modified_time\" content=\"2023-05-10T12:19:07+00:00\" \/>\n<meta property=\"og:image\" content=\"https:\/\/coudrevosenvies.fr\/wp-content\/uploads\/2021\/09\/Atelier-V.-Bernard-avril21_0192-1024x620.jpg\" \/>\n<meta name=\"twitter:card\" content=\"summary_large_image\" \/>\n<meta name=\"twitter:label1\" content=\"Estimated reading time\" \/>\n\t<meta name=\"twitter:data1\" content=\"1 minute\" \/>\n<script type=\"application\/ld+json\" class=\"yoast-schema-graph\">{\"@context\":\"https:\/\/schema.org\",\"@graph\":[{\"@type\":\"WebPage\",\"@id\":\"https:\/\/coudrevosenvies.fr\/couture-conseils-sur-mesure\/\",\"url\":\"https:\/\/coudrevosenvies.fr\/couture-conseils-sur-mesure\/\",\"name\":\"C\u00e9cile Cr\u00e9ations, des conseils de couture sp\u00e9cialis\u00e9s dans l'Ain\",\"isPartOf\":{\"@id\":\"https:\/\/coudrevosenvies.fr\/#website\"},\"datePublished\":\"2018-06-12T17:46:37+00:00\",\"dateModified\":\"2023-05-10T12:19:07+00:00\",\"description\":\"Atelier de couture sp\u00e9cialis\u00e9, je donne des conseils ajust\u00e9s \u00e0 votre besoin. J'accompagne votre projet de d\u00e9coration textile de A \u00e0 Z.\",\"breadcrumb\":{\"@id\":\"https:\/\/coudrevosenvies.fr\/couture-conseils-sur-mesure\/#breadcrumb\"},\"inLanguage\":\"en-GB\",\"potentialAction\":[{\"@type\":\"ReadAction\",\"target\":[\"https:\/\/coudrevosenvies.fr\/couture-conseils-sur-mesure\/\"]}]},{\"@type\":\"BreadcrumbList\",\"@id\":\"https:\/\/coudrevosenvies.fr\/couture-conseils-sur-mesure\/#breadcrumb\",\"itemListElement\":[{\"@type\":\"ListItem\",\"position\":1,\"name\":\"Accueil\",\"item\":\"https:\/\/coudrevosenvies.fr\/\"},{\"@type\":\"ListItem\",\"position\":2,\"name\":\"Conseil sur mesure\"}]},{\"@type\":\"WebSite\",\"@id\":\"https:\/\/coudrevosenvies.fr\/#website\",\"url\":\"https:\/\/coudrevosenvies.fr\/\",\"name\":\"Couture C\u00e9cile Cr\u00e9ations\",\"description\":\"Coudre vos Envies\",\"potentialAction\":[{\"@type\":\"SearchAction\",\"target\":{\"@type\":\"EntryPoint\",\"urlTemplate\":\"https:\/\/coudrevosenvies.fr\/?s={search_term_string}\"},\"query-input\":\"required name=search_term_string\"}],\"inLanguage\":\"en-GB\"}]}<\/script>\n<!-- \/ Yoast SEO plugin. -->","yoast_head_json":{"title":"C\u00e9cile Cr\u00e9ations, des conseils de couture sp\u00e9cialis\u00e9s dans l'Ain","description":"Atelier de couture sp\u00e9cialis\u00e9, je donne des conseils ajust\u00e9s \u00e0 votre besoin. J'accompagne votre projet de d\u00e9coration textile de A \u00e0 Z.","robots":{"index":"index","follow":"follow","max-snippet":"max-snippet:-1","max-image-preview":"max-image-preview:large","max-video-preview":"max-video-preview:-1"},"canonical":"https:\/\/coudrevosenvies.fr\/en\/couture-conseils-sur-mesure\/","og_locale":"en_GB","og_type":"article","og_title":"C\u00e9cile Cr\u00e9ations, des conseils de couture sp\u00e9cialis\u00e9s dans l'Ain","og_description":"Atelier de couture sp\u00e9cialis\u00e9, je donne des conseils ajust\u00e9s \u00e0 votre besoin. J'accompagne votre projet de d\u00e9coration textile de A \u00e0 Z.","og_url":"https:\/\/coudrevosenvies.fr\/en\/couture-conseils-sur-mesure\/","og_site_name":"Couture C\u00e9cile Cr\u00e9ations","article_modified_time":"2023-05-10T12:19:07+00:00","og_image":[{"url":"https:\/\/coudrevosenvies.fr\/wp-content\/uploads\/2021\/09\/Atelier-V.-Bernard-avril21_0192-1024x620.jpg"}],"twitter_card":"summary_large_image","twitter_misc":{"Estimated reading time":"1 minute"},"schema":{"@context":"https:\/\/schema.org","@graph":[{"@type":"WebPage","@id":"https:\/\/coudrevosenvies.fr\/couture-conseils-sur-mesure\/","url":"https:\/\/coudrevosenvies.fr\/couture-conseils-sur-mesure\/","name":"C\u00e9cile Cr\u00e9ations, des conseils de couture sp\u00e9cialis\u00e9s dans l'Ain","isPartOf":{"@id":"https:\/\/coudrevosenvies.fr\/#website"},"datePublished":"2018-06-12T17:46:37+00:00","dateModified":"2023-05-10T12:19:07+00:00","description":"Atelier de couture sp\u00e9cialis\u00e9, je donne des conseils ajust\u00e9s \u00e0 votre besoin. J'accompagne votre projet de d\u00e9coration textile de A \u00e0 Z.","breadcrumb":{"@id":"https:\/\/coudrevosenvies.fr\/couture-conseils-sur-mesure\/#breadcrumb"},"inLanguage":"en-GB","potentialAction":[{"@type":"ReadAction","target":["https:\/\/coudrevosenvies.fr\/couture-conseils-sur-mesure\/"]}]},{"@type":"BreadcrumbList","@id":"https:\/\/coudrevosenvies.fr\/couture-conseils-sur-mesure\/#breadcrumb","itemListElement":[{"@type":"ListItem","position":1,"name":"Accueil","item":"https:\/\/coudrevosenvies.fr\/"},{"@type":"ListItem","position":2,"name":"Conseil sur mesure"}]},{"@type":"WebSite","@id":"https:\/\/coudrevosenvies.fr\/#website","url":"https:\/\/coudrevosenvies.fr\/","name":"Couture C\u00e9cile Cr\u00e9ations","description":"Coudre vos Envies","potentialAction":[{"@type":"SearchAction","target":{"@type":"EntryPoint","urlTemplate":"https:\/\/coudrevosenvies.fr\/?s={search_term_string}"},"query-input":"required name=search_term_string"}],"inLanguage":"en-GB"}]}},"_links":{"self":[{"href":"https:\/\/coudrevosenvies.fr\/en\/wp-json\/wp\/v2\/pages\/205"}],"collection":[{"href":"https:\/\/coudrevosenvies.fr\/en\/wp-json\/wp\/v2\/pages"}],"about":[{"href":"https:\/\/coudrevosenvies.fr\/en\/wp-json\/wp\/v2\/types\/page"}],"author":[{"embeddable":true,"href":"https:\/\/coudrevosenvies.fr\/en\/wp-json\/wp\/v2\/users\/1"}],"replies":[{"embeddable":true,"href":"https:\/\/coudrevosenvies.fr\/en\/wp-json\/wp\/v2\/comments?post=205"}],"version-history":[{"count":35,"href":"https:\/\/coudrevosenvies.fr\/en\/wp-json\/wp\/v2\/pages\/205\/revisions"}],"predecessor-version":[{"id":1671,"href":"https:\/\/coudrevosenvies.fr\/en\/wp-json\/wp\/v2\/pages\/205\/revisions\/1671"}],"wp:attachment":[{"href":"https:\/\/coudrevosenvies.fr\/en\/wp-json\/wp\/v2\/media?parent=205"}],"curies":[{"name":"wp","href":"https:\/\/api.w.org\/{rel}","templated":true}]}}