{"id":177,"date":"2018-06-12T15:24:37","date_gmt":"2018-06-12T13:24:37","guid":{"rendered":"http:\/\/coudrevosenvies.fr\/?page_id=177"},"modified":"2023-05-10T14:00:18","modified_gmt":"2023-05-10T12:00:18","slug":"linge-de-table","status":"publish","type":"page","link":"https:\/\/coudrevosenvies.fr\/en\/linge-de-table\/","title":{"rendered":"Table Cloth"},"content":{"rendered":"<p><span style=\"font-size: 14pt;\">Want to add a touch of conviviality to your meals, I make on request original and easy-to-maintain accessories that will dress your tables with taste and style! <\/span><\/p>\n<p><span style=\"font-size: 14pt;\">Handmade and tailor-made, my table linen is made with quality, practical and easy-care French textiles. In cotton, linen or Vichy, natural, coated or anti-stain, the fabrics and materials of my accessories are varied and adapted to your needs. <\/span><\/p>\n<p><span style=\"font-size: 14pt;\"><strong>\u00a0<\/strong><\/span><span style=\"font-size: 14pt;\"><strong>I make to order <\/strong><strong>a wide selection of items for the table: <\/strong><\/span><\/p>\n<ul>\n<li><span style=\"font-size: 14pt;\"><strong>Placemats\u00a0<\/strong>35 x 45 cm in embroidered cotton or fabric with a wide choice of patterns from the collection of a French manufacturer, reversible coated fabric in cotton or linen.<\/span><\/li>\n<li><span style=\"font-size: 14pt;\"><strong>Napkins <\/strong>40 x 40 cm in cotton.<\/span><\/li>\n<li><span style=\"font-size: 14pt;\"><strong>Custom tablecloths<\/strong> choice of color, size, shape and fabric. Neat hem,<\/span><\/li>\n<li><span style=\"font-size: 14pt;\">in coated cotton and anti-stain fabric, in reversible coated linen, in checkered, jacquard or Vichy cotton canvas. Oval or rectangular, they are cut to the dimensions of your table<\/span><\/li>\n<li><span style=\"font-size: 14pt;\"><strong>Table runners <\/strong>Made-to-measure gingham cotton or stain-resistant fabric, reversible.<\/span><\/li>\n<li><span style=\"font-size: 14pt;\"><strong>Gingham cotton pie bag, <\/strong>practical for transporting your culinary preparations outside<\/span><\/li>\n<li><span style=\"font-size: 14pt;\"><strong>Wicker basket cover <\/strong>adjustable cotton.<\/span><\/li>\n<li><span style=\"font-size: 14pt;\"><strong>Hand towel <\/strong>in a pothole, round 60 cm in diameter or rectangular 50 x 70 cm, customizable<\/span><\/li>\n<\/ul>\n<style type=\"text\/css\">\n\t#foogallery-gallery-270 .fg-image {\n        width: 150px;\n    }\n<\/style>\n\t\t\t\t<div class=\"foogallery foogallery-container foogallery-default foogallery-lightbox-foobox fg-gutter-10 fg-center fg-default fg-light fg-border-thin fg-shadow-outline fg-loading-default fg-loaded-fade-in fg-caption-hover fg-hover-fade fg-hover-zoom fg-ready\" id=\"foogallery-gallery-270\" data-foogallery=\"{&quot;item&quot;:{&quot;showCaptionTitle&quot;:true,&quot;showCaptionDescription&quot;:true},&quot;lazy&quot;:true}\" >\n\t<div class=\"fg-item fg-type-image fg-idle\"><figure class=\"fg-item-inner\"><a href=\"https:\/\/coudrevosenvies.fr\/wp-content\/uploads\/2018\/06\/sets-de-table-cuisine-orange-DSC01803.jpg\" data-caption-title=\"Sets de table en coton enduit anti-t\u00e2che r\u00e9versibles  sur mesure, cuisine orange\" data-caption-desc=\"sur mesure, personnalisation, tissu fran\u00e7ais, artisan d&#039;art, Origin&#039;Ain, cour couture, haute qualit\u00e9, r\u00e9par&#039;acteurs\" data-attachment-id=\"1259\" data-type=\"image\" class=\"fg-thumb\"><span class=\"fg-image-wrap\"><img decoding=\"async\" alt=\"Couture C\u00e9cile Cr\u00e9ations\" title=\"Sets de table en coton enduit anti-t\u00e2che r\u00e9versibles  sur mesure, cuisine orange\" width=\"150\" height=\"150\" class=\"skip-lazy fg-image\" data-src-fg=\"https:\/\/coudrevosenvies.fr\/wp-content\/uploads\/cache\/2018\/06\/sets-de-table-cuisine-orange-DSC01803\/-899900924.jpg\" src=\"data:image\/svg+xml,%3Csvg%20xmlns%3D%22http%3A%2F%2Fwww.w3.org%2F2000%2Fsvg%22%20width%3D%22150%22%20height%3D%22150%22%20viewBox%3D%220%200%20150%20150%22%3E%3C%2Fsvg%3E\" loading=\"eager\"><\/span><span class=\"fg-image-overlay\"><\/span><\/a><figcaption class=\"fg-caption\"><div class=\"fg-caption-inner\"><div class=\"fg-caption-title\">Sets de table en coton enduit anti-t\u00e2che r\u00e9versibles  sur mesure, cuisine orange<\/div><div class=\"fg-caption-desc\">sur mesure, personnalisation, tissu fran\u00e7ais, artisan d'art, Origin'Ain, cour couture, haute qualit\u00e9, r\u00e9par'acteurs<\/div><\/div><\/figcaption><\/figure><div class=\"fg-loader\"><\/div><\/div><div class=\"fg-item fg-type-image fg-idle\"><figure class=\"fg-item-inner\"><a href=\"https:\/\/coudrevosenvies.fr\/wp-content\/uploads\/2018\/06\/nappe-lin-endui-papillon-20200701_110946-scaled.jpg\" data-caption-title=\"Sur mesure, nappe lin anti-t\u00e2che papillons\" data-caption-desc=\"sur mesure, personnalisation, tissu fran\u00e7ais, artisan d&#039;art, Origin&#039;Ain, cour couture, haute qualit\u00e9, r\u00e9par&#039;acteurs\" data-attachment-id=\"1253\" data-type=\"image\" class=\"fg-thumb\"><span class=\"fg-image-wrap\"><img decoding=\"async\" alt=\"Couture C\u00e9cile Cr\u00e9ations\" title=\"Sur mesure, nappe lin anti-t\u00e2che papillons\" width=\"150\" height=\"150\" class=\"skip-lazy fg-image\" data-src-fg=\"https:\/\/coudrevosenvies.fr\/wp-content\/uploads\/cache\/2018\/06\/nappe-lin-endui-papillon-20200701_110946-scaled\/-1684485601.jpg\" src=\"data:image\/svg+xml,%3Csvg%20xmlns%3D%22http%3A%2F%2Fwww.w3.org%2F2000%2Fsvg%22%20width%3D%22150%22%20height%3D%22150%22%20viewBox%3D%220%200%20150%20150%22%3E%3C%2Fsvg%3E\" loading=\"eager\"><\/span><span class=\"fg-image-overlay\"><\/span><\/a><figcaption class=\"fg-caption\"><div class=\"fg-caption-inner\"><div class=\"fg-caption-title\">Sur mesure, nappe lin anti-t\u00e2che papillons<\/div><div class=\"fg-caption-desc\">sur mesure, personnalisation, tissu fran\u00e7ais, artisan d'art, Origin'Ain, cour couture, haute qualit\u00e9, r\u00e9par'acteurs<\/div><\/div><\/figcaption><\/figure><div class=\"fg-loader\"><\/div><\/div><div class=\"fg-item fg-type-image fg-idle\"><figure class=\"fg-item-inner\"><a href=\"https:\/\/coudrevosenvies.fr\/wp-content\/uploads\/2018\/06\/sets-de-table-capucine-rouge-20210426_152539.jpg\" data-caption-title=\"Sets de table en coton enduit anti-t\u00e2che r\u00e9versibles  sur mesure, cuisine rouge et capucine\" data-caption-desc=\"sur mesure, personnalisation, tissu fran\u00e7ais, artisan d&#039;art, Origin&#039;Ain, cour couture, haute qualit\u00e9, r\u00e9par&#039;acteurs\" data-attachment-id=\"1258\" data-type=\"image\" class=\"fg-thumb\"><span class=\"fg-image-wrap\"><img decoding=\"async\" alt=\"Couture C\u00e9cile Cr\u00e9ations\" title=\"Sets de table en coton enduit anti-t\u00e2che r\u00e9versibles  sur mesure, cuisine rouge et capucine\" width=\"150\" height=\"150\" class=\"skip-lazy fg-image\" data-src-fg=\"https:\/\/coudrevosenvies.fr\/wp-content\/uploads\/cache\/2018\/06\/sets-de-table-capucine-rouge-20210426_152539\/1854037313.jpg\" src=\"data:image\/svg+xml,%3Csvg%20xmlns%3D%22http%3A%2F%2Fwww.w3.org%2F2000%2Fsvg%22%20width%3D%22150%22%20height%3D%22150%22%20viewBox%3D%220%200%20150%20150%22%3E%3C%2Fsvg%3E\" loading=\"eager\"><\/span><span class=\"fg-image-overlay\"><\/span><\/a><figcaption class=\"fg-caption\"><div class=\"fg-caption-inner\"><div class=\"fg-caption-title\">Sets de table en coton enduit anti-t\u00e2che r\u00e9versibles  sur mesure, cuisine rouge et capucine<\/div><div class=\"fg-caption-desc\">sur mesure, personnalisation, tissu fran\u00e7ais, artisan d'art, Origin'Ain, cour couture, haute qualit\u00e9, r\u00e9par'acteurs<\/div><\/div><\/figcaption><\/figure><div class=\"fg-loader\"><\/div><\/div><div class=\"fg-item fg-type-image fg-idle\"><figure class=\"fg-item-inner\"><a href=\"https:\/\/coudrevosenvies.fr\/wp-content\/uploads\/2018\/06\/serviette-et-sac-a-tarte-vichy-013-CECILE-COUTURE.jpg\" data-caption-title=\"Accessoires utiles linge de maison serviettes de table, sac \u00e0 tarte\" data-caption-desc=\"sur mesure, personnalisation, tissu fran\u00e7ais, artisan d&#039;art, Origin&#039;Ain, cour couture, haute qualit\u00e9, r\u00e9par&#039;acteurs\" data-attachment-id=\"1260\" data-type=\"image\" class=\"fg-thumb\"><span class=\"fg-image-wrap\"><img decoding=\"async\" alt=\"Couture C\u00e9cile Cr\u00e9ations\" title=\"Accessoires utiles linge de maison serviettes de table, sac \u00e0 tarte\" width=\"150\" height=\"150\" class=\"skip-lazy fg-image\" data-src-fg=\"https:\/\/coudrevosenvies.fr\/wp-content\/uploads\/cache\/2018\/06\/serviette-et-sac-a-tarte-vichy-013-CECILE-COUTURE\/-72105237.jpg\" src=\"data:image\/svg+xml,%3Csvg%20xmlns%3D%22http%3A%2F%2Fwww.w3.org%2F2000%2Fsvg%22%20width%3D%22150%22%20height%3D%22150%22%20viewBox%3D%220%200%20150%20150%22%3E%3C%2Fsvg%3E\" loading=\"eager\"><\/span><span class=\"fg-image-overlay\"><\/span><\/a><figcaption class=\"fg-caption\"><div class=\"fg-caption-inner\"><div class=\"fg-caption-title\">Accessoires utiles linge de maison serviettes de table, sac \u00e0 tarte<\/div><div class=\"fg-caption-desc\">sur mesure, personnalisation, tissu fran\u00e7ais, artisan d'art, Origin'Ain, cour couture, haute qualit\u00e9, r\u00e9par'acteurs<\/div><\/div><\/figcaption><\/figure><div class=\"fg-loader\"><\/div><\/div><div class=\"fg-item fg-type-image fg-idle\"><figure class=\"fg-item-inner\"><a href=\"https:\/\/coudrevosenvies.fr\/wp-content\/uploads\/2018\/06\/IMG_4559gallerieLT.jpg\" data-caption-desc=\"set de table brod\u00e9 35 x 45cmserviette toile de coton 40 x 40 cm\" data-attachment-id=\"274\" data-type=\"image\" class=\"fg-thumb\"><span class=\"fg-image-wrap\"><img decoding=\"async\" alt=\"coton brod\u00e9\" width=\"150\" height=\"150\" class=\"skip-lazy fg-image\" data-src-fg=\"https:\/\/coudrevosenvies.fr\/wp-content\/uploads\/cache\/2018\/06\/IMG_4559gallerieLT\/-993288449.jpg\" src=\"data:image\/svg+xml,%3Csvg%20xmlns%3D%22http%3A%2F%2Fwww.w3.org%2F2000%2Fsvg%22%20width%3D%22150%22%20height%3D%22150%22%20viewBox%3D%220%200%20150%20150%22%3E%3C%2Fsvg%3E\" loading=\"eager\"><\/span><span class=\"fg-image-overlay\"><\/span><\/a><figcaption class=\"fg-caption\"><div class=\"fg-caption-inner\"><div class=\"fg-caption-desc\">set de table brod\u00e9 35 x 45cm\nserviette toile de coton 40 x 40 cm<\/div><\/div><\/figcaption><\/figure><div class=\"fg-loader\"><\/div><\/div><div class=\"fg-item fg-type-image fg-idle\"><figure class=\"fg-item-inner\"><a href=\"https:\/\/coudrevosenvies.fr\/wp-content\/uploads\/2018\/06\/panieres-a-truffes-ronde-2.jpg\" data-caption-title=\"coton vichy cr\u00e8me et blanc pour protection de l&#039;osier\" data-caption-desc=\"sur mesure, personnalisation, tissu fran\u00e7ais, artisan d&#039;art, Origin&#039;Ain, cour couture, haute qualit\u00e9, r\u00e9par&#039;acteurs\" data-attachment-id=\"1256\" data-type=\"image\" class=\"fg-thumb\"><span class=\"fg-image-wrap\"><img decoding=\"async\" alt=\"Couture C\u00e9cile Cr\u00e9ations\" title=\"coton vichy cr\u00e8me et blanc pour protection de l&#039;osier\" width=\"150\" height=\"150\" class=\"skip-lazy fg-image\" data-src-fg=\"https:\/\/coudrevosenvies.fr\/wp-content\/uploads\/cache\/2018\/06\/panieres-a-truffes-ronde-2\/-1582374082.jpg\" src=\"data:image\/svg+xml,%3Csvg%20xmlns%3D%22http%3A%2F%2Fwww.w3.org%2F2000%2Fsvg%22%20width%3D%22150%22%20height%3D%22150%22%20viewBox%3D%220%200%20150%20150%22%3E%3C%2Fsvg%3E\" loading=\"eager\"><\/span><span class=\"fg-image-overlay\"><\/span><\/a><figcaption class=\"fg-caption\"><div class=\"fg-caption-inner\"><div class=\"fg-caption-title\">coton vichy cr\u00e8me et blanc pour protection de l'osier<\/div><div class=\"fg-caption-desc\">sur mesure, personnalisation, tissu fran\u00e7ais, artisan d'art, Origin'Ain, cour couture, haute qualit\u00e9, r\u00e9par'acteurs<\/div><\/div><\/figcaption><\/figure><div class=\"fg-loader\"><\/div><\/div><div class=\"fg-item fg-type-image fg-idle\"><figure class=\"fg-item-inner\"><a href=\"https:\/\/coudrevosenvies.fr\/wp-content\/uploads\/2018\/06\/essuie-main-nid-dabeille-amande-20210709_155157.jpg\" data-caption-title=\"sur mesure, essuie main nid d&#039;abeille amande absorbant vintage\" data-caption-desc=\"sur mesure, personnalisation, tissu fran\u00e7ais, artisan d&#039;art, Origin&#039;Ain, cour couture, haute qualit\u00e9, r\u00e9par&#039;acteurs\" data-attachment-id=\"1252\" data-type=\"image\" class=\"fg-thumb\"><span class=\"fg-image-wrap\"><img decoding=\"async\" alt=\"Couture C\u00e9cile Cr\u00e9ations\" title=\"sur mesure, essuie main nid d&#039;abeille amande absorbant vintage\" width=\"150\" height=\"150\" class=\"skip-lazy fg-image\" data-src-fg=\"https:\/\/coudrevosenvies.fr\/wp-content\/uploads\/cache\/2018\/06\/essuie-main-nid-dabeille-amande-20210709_155157\/1325145531.jpg\" src=\"data:image\/svg+xml,%3Csvg%20xmlns%3D%22http%3A%2F%2Fwww.w3.org%2F2000%2Fsvg%22%20width%3D%22150%22%20height%3D%22150%22%20viewBox%3D%220%200%20150%20150%22%3E%3C%2Fsvg%3E\" loading=\"eager\"><\/span><span class=\"fg-image-overlay\"><\/span><\/a><figcaption class=\"fg-caption\"><div class=\"fg-caption-inner\"><div class=\"fg-caption-title\">sur mesure, essuie main nid d'abeille amande absorbant vintage<\/div><div class=\"fg-caption-desc\">sur mesure, personnalisation, tissu fran\u00e7ais, artisan d'art, Origin'Ain, cour couture, haute qualit\u00e9, r\u00e9par'acteurs<\/div><\/div><\/figcaption><\/figure><div class=\"fg-loader\"><\/div><\/div><\/div>","protected":false},"excerpt":{"rendered":"<p>Envie d\u2019ajouter une note de convivialit\u00e9 \u00e0 vos repas, je r\u00e9alise sur demande des accessoires originaux et faciles \u00e0 entretenir qui habilleront vos tables avec go\u00fbt et style\u00a0! Fait main et sur-mesure, mon linge de table est r\u00e9alis\u00e9 avec des textiles Fran\u00e7ais de qualit\u00e9, pratiques et d\u2019un entretien facile. En\u2026<\/p>\n<p> <a class=\"continue-reading-link\" href=\"https:\/\/coudrevosenvies.fr\/en\/linge-de-table\/\"><span>See more<\/span><i class=\"crycon-right-dir\"><\/i><\/a> <\/p>","protected":false},"author":1,"featured_media":0,"parent":0,"menu_order":0,"comment_status":"closed","ping_status":"closed","template":"","meta":{"footnotes":""},"yoast_head":"<!-- This site is optimized with the Yoast SEO plugin v20.4 - https:\/\/yoast.com\/wordpress\/plugins\/seo\/ -->\n<title>Linge de table, nappes, sets, chemins de table, serviettes<\/title>\n<meta name=\"description\" content=\"Linge de table, nappes, sets, chemins de table, serviettes, pani\u00e8res \u00e0 pain lin, coton, antit\u00e2che, aux dimensions de votre table\" \/>\n<meta name=\"robots\" content=\"index, follow, max-snippet:-1, max-image-preview:large, max-video-preview:-1\" \/>\n<link rel=\"canonical\" href=\"https:\/\/coudrevosenvies.fr\/en\/linge-de-table\/\" \/>\n<meta property=\"og:locale\" content=\"en_GB\" \/>\n<meta property=\"og:type\" content=\"article\" \/>\n<meta property=\"og:title\" content=\"Linge de table, nappes, sets, chemins de table, serviettes\" \/>\n<meta property=\"og:description\" content=\"Linge de table, nappes, sets, chemins de table, serviettes, pani\u00e8res \u00e0 pain lin, coton, antit\u00e2che, aux dimensions de votre table\" \/>\n<meta property=\"og:url\" content=\"https:\/\/coudrevosenvies.fr\/en\/linge-de-table\/\" \/>\n<meta property=\"og:site_name\" content=\"Couture C\u00e9cile Cr\u00e9ations\" \/>\n<meta property=\"article:modified_time\" content=\"2023-05-10T12:00:18+00:00\" \/>\n<meta name=\"twitter:card\" content=\"summary_large_image\" \/>\n<meta name=\"twitter:label1\" content=\"Estimated reading time\" \/>\n\t<meta name=\"twitter:data1\" content=\"2 minutes\" \/>\n<script type=\"application\/ld+json\" class=\"yoast-schema-graph\">{\"@context\":\"https:\/\/schema.org\",\"@graph\":[{\"@type\":\"WebPage\",\"@id\":\"https:\/\/coudrevosenvies.fr\/linge-de-table\/\",\"url\":\"https:\/\/coudrevosenvies.fr\/linge-de-table\/\",\"name\":\"Linge de table, nappes, sets, chemins de table, serviettes\",\"isPartOf\":{\"@id\":\"https:\/\/coudrevosenvies.fr\/#website\"},\"datePublished\":\"2018-06-12T13:24:37+00:00\",\"dateModified\":\"2023-05-10T12:00:18+00:00\",\"description\":\"Linge de table, nappes, sets, chemins de table, serviettes, pani\u00e8res \u00e0 pain lin, coton, antit\u00e2che, aux dimensions de votre table\",\"breadcrumb\":{\"@id\":\"https:\/\/coudrevosenvies.fr\/linge-de-table\/#breadcrumb\"},\"inLanguage\":\"en-GB\",\"potentialAction\":[{\"@type\":\"ReadAction\",\"target\":[\"https:\/\/coudrevosenvies.fr\/linge-de-table\/\"]}]},{\"@type\":\"BreadcrumbList\",\"@id\":\"https:\/\/coudrevosenvies.fr\/linge-de-table\/#breadcrumb\",\"itemListElement\":[{\"@type\":\"ListItem\",\"position\":1,\"name\":\"Accueil\",\"item\":\"https:\/\/coudrevosenvies.fr\/\"},{\"@type\":\"ListItem\",\"position\":2,\"name\":\"Linge de table\"}]},{\"@type\":\"WebSite\",\"@id\":\"https:\/\/coudrevosenvies.fr\/#website\",\"url\":\"https:\/\/coudrevosenvies.fr\/\",\"name\":\"Couture C\u00e9cile Cr\u00e9ations\",\"description\":\"Coudre vos Envies\",\"potentialAction\":[{\"@type\":\"SearchAction\",\"target\":{\"@type\":\"EntryPoint\",\"urlTemplate\":\"https:\/\/coudrevosenvies.fr\/?s={search_term_string}\"},\"query-input\":\"required name=search_term_string\"}],\"inLanguage\":\"en-GB\"}]}<\/script>\n<!-- \/ Yoast SEO plugin. -->","yoast_head_json":{"title":"Linge de table, nappes, sets, chemins de table, serviettes","description":"Linge de table, nappes, sets, chemins de table, serviettes, pani\u00e8res \u00e0 pain lin, coton, antit\u00e2che, aux dimensions de votre table","robots":{"index":"index","follow":"follow","max-snippet":"max-snippet:-1","max-image-preview":"max-image-preview:large","max-video-preview":"max-video-preview:-1"},"canonical":"https:\/\/coudrevosenvies.fr\/en\/linge-de-table\/","og_locale":"en_GB","og_type":"article","og_title":"Linge de table, nappes, sets, chemins de table, serviettes","og_description":"Linge de table, nappes, sets, chemins de table, serviettes, pani\u00e8res \u00e0 pain lin, coton, antit\u00e2che, aux dimensions de votre table","og_url":"https:\/\/coudrevosenvies.fr\/en\/linge-de-table\/","og_site_name":"Couture C\u00e9cile Cr\u00e9ations","article_modified_time":"2023-05-10T12:00:18+00:00","twitter_card":"summary_large_image","twitter_misc":{"Estimated reading time":"2 minutes"},"schema":{"@context":"https:\/\/schema.org","@graph":[{"@type":"WebPage","@id":"https:\/\/coudrevosenvies.fr\/linge-de-table\/","url":"https:\/\/coudrevosenvies.fr\/linge-de-table\/","name":"Linge de table, nappes, sets, chemins de table, serviettes","isPartOf":{"@id":"https:\/\/coudrevosenvies.fr\/#website"},"datePublished":"2018-06-12T13:24:37+00:00","dateModified":"2023-05-10T12:00:18+00:00","description":"Linge de table, nappes, sets, chemins de table, serviettes, pani\u00e8res \u00e0 pain lin, coton, antit\u00e2che, aux dimensions de votre table","breadcrumb":{"@id":"https:\/\/coudrevosenvies.fr\/linge-de-table\/#breadcrumb"},"inLanguage":"en-GB","potentialAction":[{"@type":"ReadAction","target":["https:\/\/coudrevosenvies.fr\/linge-de-table\/"]}]},{"@type":"BreadcrumbList","@id":"https:\/\/coudrevosenvies.fr\/linge-de-table\/#breadcrumb","itemListElement":[{"@type":"ListItem","position":1,"name":"Accueil","item":"https:\/\/coudrevosenvies.fr\/"},{"@type":"ListItem","position":2,"name":"Linge de table"}]},{"@type":"WebSite","@id":"https:\/\/coudrevosenvies.fr\/#website","url":"https:\/\/coudrevosenvies.fr\/","name":"Couture C\u00e9cile Cr\u00e9ations","description":"Coudre vos Envies","potentialAction":[{"@type":"SearchAction","target":{"@type":"EntryPoint","urlTemplate":"https:\/\/coudrevosenvies.fr\/?s={search_term_string}"},"query-input":"required name=search_term_string"}],"inLanguage":"en-GB"}]}},"_links":{"self":[{"href":"https:\/\/coudrevosenvies.fr\/en\/wp-json\/wp\/v2\/pages\/177"}],"collection":[{"href":"https:\/\/coudrevosenvies.fr\/en\/wp-json\/wp\/v2\/pages"}],"about":[{"href":"https:\/\/coudrevosenvies.fr\/en\/wp-json\/wp\/v2\/types\/page"}],"author":[{"embeddable":true,"href":"https:\/\/coudrevosenvies.fr\/en\/wp-json\/wp\/v2\/users\/1"}],"replies":[{"embeddable":true,"href":"https:\/\/coudrevosenvies.fr\/en\/wp-json\/wp\/v2\/comments?post=177"}],"version-history":[{"count":35,"href":"https:\/\/coudrevosenvies.fr\/en\/wp-json\/wp\/v2\/pages\/177\/revisions"}],"predecessor-version":[{"id":1285,"href":"https:\/\/coudrevosenvies.fr\/en\/wp-json\/wp\/v2\/pages\/177\/revisions\/1285"}],"wp:attachment":[{"href":"https:\/\/coudrevosenvies.fr\/en\/wp-json\/wp\/v2\/media?parent=177"}],"curies":[{"name":"wp","href":"https:\/\/api.w.org\/{rel}","templated":true}]}}