{"id":166,"date":"2018-06-12T13:31:21","date_gmt":"2018-06-12T11:31:21","guid":{"rendered":"http:\/\/coudrevosenvies.fr\/?page_id=166"},"modified":"2019-05-23T12:13:53","modified_gmt":"2019-05-23T10:13:53","slug":"essai","status":"publish","type":"page","link":"https:\/\/coudrevosenvies.fr\/en\/essai\/","title":{"rendered":"essai"},"content":{"rendered":"<p><span style=\"font-size: 14pt;\"><span style=\"color: #71a650;\">Passionate needle-woman and craftswoman<\/span>, C\u00e9cile Frezet confectionne sur-mesure des articles et accessoires de d\u00e9coration pour la maison dans son atelier de couture qu\u2019elle a fond\u00e9 en 2012 dans l\u2019Ain, au c\u0153ur de la r\u00e9gion Rh\u00f4ne-Alpes.<\/span><\/p>\n<p><span style=\"font-size: 14pt;\">Located in Brens, near Belley in Bas-Bugey, close to Savoie, Haute-Savoie, Rh\u00f4ne and Is\u00e8re, in France.<\/span><\/p>\n<p><span style=\"font-size: 14pt;\"><span style=\"color: #71a650;\">\u00a0\u00ab\u00a0Je vous propose des cr\u00e9ations artisanales made in France, un travail sur-mesure et un service de couture de proximit\u00e9.<\/span><br \/>\nIndeed, I am convinced that being close to my clients is the best way to meet their desires and make their project a reality.<span style=\"color: #000000;\"> This is why I attach great importance to advice, which for me is an essential value and a guarantee of satisfaction. <\/span><span style=\"color: #000000;\">I favor listening and exchanges to make you benefit from my know-how and bring you <\/span>une approche personnalis\u00e9e de mes services\u00a0\u00bb.<\/span><\/p>\n<ul>\n<li><span style=\"font-size: 14pt;\">Specialized in interior decoration, I make made-to-measure everyday accessories, children's items, birth gifts, household and table linens.<\/span><\/li>\n<li><span style=\"font-size: 14pt;\">For my creations, I use sewing techniques that are above all based on experience and my taste for precision.<\/span><\/li>\n<li><span style=\"font-size: 14pt;\">Je vous conseille et je vous accompagne dans l\u2019\u00e9laboration de vos projets de A \u00e0 Z depuis la prise de mesures, le choix du tissu jusqu&rsquo;\u00e0 la pose.<\/span><\/li>\n<li><span style=\"font-size: 14pt;\">I make to order and according to your tastes personalized items to make them more practical and pleasant in your daily life: ornaments, stripes and embroidery.<\/span><\/li>\n<li><span style=\"font-size: 14pt;\">I repair and transform your old fabrics and accessories to give them new life.<\/span><\/li>\n<li><span style=\"font-size: 14pt;\">I give individual workshop sewing lessons for adults and children.<\/span><\/li>\n<li><span style=\"font-size: 14pt;\">I welcome you to my Couture C\u00e9cile Cr\u00e9ations boutique workshop which is open by appointment.<\/span>z-vous.<\/li>\n<\/ul>","protected":false},"excerpt":{"rendered":"<p>Couturi\u00e8re et artisane d\u2019art passionn\u00e9e, C\u00e9cile Frezet confectionne sur-mesure des articles et accessoires de d\u00e9coration pour la maison dans son atelier de couture qu\u2019elle a fond\u00e9 en 2012 dans l\u2019Ain, au c\u0153ur de la r\u00e9gion Rh\u00f4ne-Alpes. Implant\u00e9e \u00e0 Brens, pr\u00e8s de Belley dans le Bas-Bugey, \u00e0 deux pas de la\u2026<\/p>\n<p> <a class=\"continue-reading-link\" href=\"https:\/\/coudrevosenvies.fr\/en\/essai\/\"><span>See more<\/span><i class=\"crycon-right-dir\"><\/i><\/a> <\/p>","protected":false},"author":1,"featured_media":0,"parent":0,"menu_order":0,"comment_status":"closed","ping_status":"closed","template":"","meta":{"footnotes":""},"yoast_head":"<!-- This site is optimized with the Yoast SEO plugin v20.4 - https:\/\/yoast.com\/wordpress\/plugins\/seo\/ -->\n<title>essai - Couture C\u00e9cile Cr\u00e9ations<\/title>\n<meta name=\"robots\" content=\"index, follow, max-snippet:-1, max-image-preview:large, max-video-preview:-1\" \/>\n<link rel=\"canonical\" href=\"https:\/\/coudrevosenvies.fr\/en\/essai\/\" \/>\n<meta property=\"og:locale\" content=\"en_GB\" \/>\n<meta property=\"og:type\" content=\"article\" \/>\n<meta property=\"og:title\" content=\"essai - Couture C\u00e9cile Cr\u00e9ations\" \/>\n<meta property=\"og:description\" content=\"Couturi\u00e8re et artisane d\u2019art passionn\u00e9e, C\u00e9cile Frezet confectionne sur-mesure des articles et accessoires de d\u00e9coration pour la maison dans son atelier de couture qu\u2019elle a fond\u00e9 en 2012 dans l\u2019Ain, au c\u0153ur de la r\u00e9gion Rh\u00f4ne-Alpes. Implant\u00e9e \u00e0 Brens, pr\u00e8s de Belley dans le Bas-Bugey, \u00e0 deux pas de la\u2026 Voir plus\" \/>\n<meta property=\"og:url\" content=\"https:\/\/coudrevosenvies.fr\/en\/essai\/\" \/>\n<meta property=\"og:site_name\" content=\"Couture C\u00e9cile Cr\u00e9ations\" \/>\n<meta property=\"article:modified_time\" content=\"2019-05-23T10:13:53+00:00\" \/>\n<meta name=\"twitter:card\" content=\"summary_large_image\" \/>\n<meta name=\"twitter:label1\" content=\"Estimated reading time\" \/>\n\t<meta name=\"twitter:data1\" content=\"2 minutes\" \/>\n<script type=\"application\/ld+json\" class=\"yoast-schema-graph\">{\"@context\":\"https:\/\/schema.org\",\"@graph\":[{\"@type\":\"WebPage\",\"@id\":\"https:\/\/coudrevosenvies.fr\/essai\/\",\"url\":\"https:\/\/coudrevosenvies.fr\/essai\/\",\"name\":\"essai - Couture C\u00e9cile Cr\u00e9ations\",\"isPartOf\":{\"@id\":\"https:\/\/coudrevosenvies.fr\/#website\"},\"datePublished\":\"2018-06-12T11:31:21+00:00\",\"dateModified\":\"2019-05-23T10:13:53+00:00\",\"breadcrumb\":{\"@id\":\"https:\/\/coudrevosenvies.fr\/essai\/#breadcrumb\"},\"inLanguage\":\"en-GB\",\"potentialAction\":[{\"@type\":\"ReadAction\",\"target\":[\"https:\/\/coudrevosenvies.fr\/essai\/\"]}]},{\"@type\":\"BreadcrumbList\",\"@id\":\"https:\/\/coudrevosenvies.fr\/essai\/#breadcrumb\",\"itemListElement\":[{\"@type\":\"ListItem\",\"position\":1,\"name\":\"Accueil\",\"item\":\"https:\/\/coudrevosenvies.fr\/\"},{\"@type\":\"ListItem\",\"position\":2,\"name\":\"essai\"}]},{\"@type\":\"WebSite\",\"@id\":\"https:\/\/coudrevosenvies.fr\/#website\",\"url\":\"https:\/\/coudrevosenvies.fr\/\",\"name\":\"Couture C\u00e9cile Cr\u00e9ations\",\"description\":\"Coudre vos Envies\",\"potentialAction\":[{\"@type\":\"SearchAction\",\"target\":{\"@type\":\"EntryPoint\",\"urlTemplate\":\"https:\/\/coudrevosenvies.fr\/?s={search_term_string}\"},\"query-input\":\"required name=search_term_string\"}],\"inLanguage\":\"en-GB\"}]}<\/script>\n<!-- \/ Yoast SEO plugin. -->","yoast_head_json":{"title":"essai - Couture C\u00e9cile Cr\u00e9ations","robots":{"index":"index","follow":"follow","max-snippet":"max-snippet:-1","max-image-preview":"max-image-preview:large","max-video-preview":"max-video-preview:-1"},"canonical":"https:\/\/coudrevosenvies.fr\/en\/essai\/","og_locale":"en_GB","og_type":"article","og_title":"essai - Couture C\u00e9cile Cr\u00e9ations","og_description":"Couturi\u00e8re et artisane d\u2019art passionn\u00e9e, C\u00e9cile Frezet confectionne sur-mesure des articles et accessoires de d\u00e9coration pour la maison dans son atelier de couture qu\u2019elle a fond\u00e9 en 2012 dans l\u2019Ain, au c\u0153ur de la r\u00e9gion Rh\u00f4ne-Alpes. Implant\u00e9e \u00e0 Brens, pr\u00e8s de Belley dans le Bas-Bugey, \u00e0 deux pas de la\u2026 Voir plus","og_url":"https:\/\/coudrevosenvies.fr\/en\/essai\/","og_site_name":"Couture C\u00e9cile Cr\u00e9ations","article_modified_time":"2019-05-23T10:13:53+00:00","twitter_card":"summary_large_image","twitter_misc":{"Estimated reading time":"2 minutes"},"schema":{"@context":"https:\/\/schema.org","@graph":[{"@type":"WebPage","@id":"https:\/\/coudrevosenvies.fr\/essai\/","url":"https:\/\/coudrevosenvies.fr\/essai\/","name":"essai - Couture C\u00e9cile Cr\u00e9ations","isPartOf":{"@id":"https:\/\/coudrevosenvies.fr\/#website"},"datePublished":"2018-06-12T11:31:21+00:00","dateModified":"2019-05-23T10:13:53+00:00","breadcrumb":{"@id":"https:\/\/coudrevosenvies.fr\/essai\/#breadcrumb"},"inLanguage":"en-GB","potentialAction":[{"@type":"ReadAction","target":["https:\/\/coudrevosenvies.fr\/essai\/"]}]},{"@type":"BreadcrumbList","@id":"https:\/\/coudrevosenvies.fr\/essai\/#breadcrumb","itemListElement":[{"@type":"ListItem","position":1,"name":"Accueil","item":"https:\/\/coudrevosenvies.fr\/"},{"@type":"ListItem","position":2,"name":"essai"}]},{"@type":"WebSite","@id":"https:\/\/coudrevosenvies.fr\/#website","url":"https:\/\/coudrevosenvies.fr\/","name":"Couture C\u00e9cile Cr\u00e9ations","description":"Coudre vos Envies","potentialAction":[{"@type":"SearchAction","target":{"@type":"EntryPoint","urlTemplate":"https:\/\/coudrevosenvies.fr\/?s={search_term_string}"},"query-input":"required name=search_term_string"}],"inLanguage":"en-GB"}]}},"_links":{"self":[{"href":"https:\/\/coudrevosenvies.fr\/en\/wp-json\/wp\/v2\/pages\/166"}],"collection":[{"href":"https:\/\/coudrevosenvies.fr\/en\/wp-json\/wp\/v2\/pages"}],"about":[{"href":"https:\/\/coudrevosenvies.fr\/en\/wp-json\/wp\/v2\/types\/page"}],"author":[{"embeddable":true,"href":"https:\/\/coudrevosenvies.fr\/en\/wp-json\/wp\/v2\/users\/1"}],"replies":[{"embeddable":true,"href":"https:\/\/coudrevosenvies.fr\/en\/wp-json\/wp\/v2\/comments?post=166"}],"version-history":[{"count":6,"href":"https:\/\/coudrevosenvies.fr\/en\/wp-json\/wp\/v2\/pages\/166\/revisions"}],"predecessor-version":[{"id":799,"href":"https:\/\/coudrevosenvies.fr\/en\/wp-json\/wp\/v2\/pages\/166\/revisions\/799"}],"wp:attachment":[{"href":"https:\/\/coudrevosenvies.fr\/en\/wp-json\/wp\/v2\/media?parent=166"}],"curies":[{"name":"wp","href":"https:\/\/api.w.org\/{rel}","templated":true}]}}