{"id":1438,"date":"2022-01-24T11:46:38","date_gmt":"2022-01-24T10:46:38","guid":{"rendered":"https:\/\/coudrevosenvies.fr\/?page_id=1438"},"modified":"2023-05-10T14:26:19","modified_gmt":"2023-05-10T12:26:19","slug":"mentions-legales","status":"publish","type":"page","link":"https:\/\/coudrevosenvies.fr\/en\/mentions-legales\/","title":{"rendered":"Mentions L\u00e9gales"},"content":{"rendered":"<p>Raison Sociale&nbsp;: Couture C\u00e9cile Cr\u00e9ations<\/p>\n\n\n\n<p>Forme Juridique: Micro-entreprise<\/p>\n\n\n\n<p>Responsable de la r\u00e9daction&nbsp;: Mme C\u00e9cile Frezet<\/p>\n\n\n\n<p>Adresse du si\u00e8ge social&nbsp;: 27, lot. de Cod\u00e9rotaz &#8211; 01300 Brens &#8211; France<br>T\u00e9l : 04 79 87 44 90 &#8211; Mail :&nbsp;cecile.creations@orange.fr<br>N\u00b0 Siret&nbsp;: 539 633 792 000 12<br><strong>\u200b<\/strong>Adresse du site Web&nbsp;: https:\/\/www.coudrevosenvies.fr<\/p>\n\n\n\n<p><strong>H\u00e9bergeur<\/strong>&nbsp;: Ce site ainsi que son nom de domaine sont h\u00e9berg\u00e9s par la soci\u00e9t\u00e9&nbsp;OVH, SAS au capital de 10 174 560 \u20ac RCS Roubaix \u2013 Tourcoing 424 761 419 00011<\/p>\n\n\n\n<p>Si\u00e8ge social : 2 rue Kellermann &#8211; 59100 Roubaix &#8211; France. T\u00e9l 08 90 10 93 02<\/p>\n\n\n\n<p>Raison Sociale : SASU<\/p>\n\n\n\n<p>\u200b<strong>COPYRIGHT<\/strong><\/p>\n\n\n\n<p>Le site web coudrevosenvies.fr et chacun de ses \u00e9l\u00e9ments sont la propri\u00e9t\u00e9 exclusive de&nbsp;Couture C\u00e9cile Cr\u00e9ations. Toute reproduction ou repr\u00e9sentation en tout ou partie du pr\u00e9sent site web ou de l\u2019un quelconque des \u00e9l\u00e9ments qui le composent, est interdite sauf autorisation pr\u00e9alable de&nbsp;Couture C\u00e9cile Cr\u00e9ations. Les noms de domaine du site web de&nbsp;coudrevosenvies.fr sont la propri\u00e9t\u00e9 exclusive de&nbsp;Couture C\u00e9cile Cr\u00e9ations. Toute reproduction ou utilisation de ces noms de domaine de quelque mani\u00e8re et \u00e0 quelque titre que ce soit est interdite.<\/p>\n\n\n\n<p>Les photographies, visuels, logos, textes sont la propri\u00e9t\u00e9 intellectuelle exclusive de Couture C\u00e9cile Cr\u00e9ations<\/p>\n\n\n\n<p><strong>Concept et production&nbsp;<\/strong><\/p>\n\n\n\n<p>Ce site internet a \u00e9t\u00e9 r\u00e9alis\u00e9 en utilisant la solution open-source&nbsp;<a href=\"http:\/\/www.prestashop.com\/\">PrestaShop<\/a>\u2122 .<\/p>\n\n\n\n<p>Conform\u00e9ment \u00e0 la loi \u00ab informatique et libert\u00e9s \u00bb du 6 janvier 1978 modifi\u00e9e en 2004, vous b\u00e9n\u00e9ficiez d\u2019un droit d\u2019acc\u00e8s et de rectification aux informations qui vous concernent.<\/p>\n\n\n\n<p>Vous pouvez \u00e9galement, pour des motifs l\u00e9gitimes, vous opposer au traitement des donn\u00e9es vous concernant.<\/p>","protected":false},"excerpt":{"rendered":"<p>Raison Sociale&nbsp;: Couture C\u00e9cile Cr\u00e9ations Forme Juridique: Micro-entreprise Responsable de la r\u00e9daction&nbsp;: Mme C\u00e9cile Frezet Adresse du si\u00e8ge social&nbsp;: 27, lot. de Cod\u00e9rotaz &#8211; 01300 Brens &#8211; FranceT\u00e9l : 04 79 87 44 90 &#8211; Mail :&nbsp;cecile.creations@orange.frN\u00b0 Siret&nbsp;: 539 633 792 000 12\u200bAdresse du site Web&nbsp;: https:\/\/www.coudrevosenvies.fr H\u00e9bergeur&nbsp;: Ce site\u2026<\/p>\n<p> <a class=\"continue-reading-link\" href=\"https:\/\/coudrevosenvies.fr\/en\/mentions-legales\/\"><span>See more<\/span><i class=\"crycon-right-dir\"><\/i><\/a> <\/p>","protected":false},"author":1,"featured_media":0,"parent":0,"menu_order":0,"comment_status":"closed","ping_status":"closed","template":"","meta":{"footnotes":""},"yoast_head":"<!-- This site is optimized with the Yoast SEO plugin v20.4 - https:\/\/yoast.com\/wordpress\/plugins\/seo\/ -->\n<title>Mentions L\u00e9gales - Couture C\u00e9cile Cr\u00e9ations<\/title>\n<meta name=\"robots\" content=\"noindex, follow\" \/>\n<meta property=\"og:locale\" content=\"en_GB\" \/>\n<meta property=\"og:type\" content=\"article\" \/>\n<meta property=\"og:title\" content=\"Mentions L\u00e9gales - Couture C\u00e9cile Cr\u00e9ations\" \/>\n<meta property=\"og:description\" content=\"Raison Sociale&nbsp;: Couture C\u00e9cile Cr\u00e9ations Forme Juridique: Micro-entreprise Responsable de la r\u00e9daction&nbsp;: Mme C\u00e9cile Frezet Adresse du si\u00e8ge social&nbsp;: 27, lot. de Cod\u00e9rotaz &#8211; 01300 Brens &#8211; FranceT\u00e9l : 04 79 87 44 90 &#8211; Mail :&nbsp;cecile.creations@orange.frN\u00b0 Siret&nbsp;: 539 633 792 000 12\u200bAdresse du site Web&nbsp;: https:\/\/www.coudrevosenvies.fr H\u00e9bergeur&nbsp;: Ce site\u2026 Voir plus\" \/>\n<meta property=\"og:url\" content=\"https:\/\/coudrevosenvies.fr\/en\/mentions-legales\/\" \/>\n<meta property=\"og:site_name\" content=\"Couture C\u00e9cile Cr\u00e9ations\" \/>\n<meta property=\"article:modified_time\" content=\"2023-05-10T12:26:19+00:00\" \/>\n<meta name=\"twitter:card\" content=\"summary_large_image\" \/>\n<meta name=\"twitter:label1\" content=\"Estimated reading time\" \/>\n\t<meta name=\"twitter:data1\" content=\"2 minutes\" \/>\n<script type=\"application\/ld+json\" class=\"yoast-schema-graph\">{\"@context\":\"https:\/\/schema.org\",\"@graph\":[{\"@type\":\"WebPage\",\"@id\":\"https:\/\/coudrevosenvies.fr\/mentions-legales\/\",\"url\":\"https:\/\/coudrevosenvies.fr\/mentions-legales\/\",\"name\":\"Mentions L\u00e9gales - Couture C\u00e9cile Cr\u00e9ations\",\"isPartOf\":{\"@id\":\"https:\/\/coudrevosenvies.fr\/#website\"},\"datePublished\":\"2022-01-24T10:46:38+00:00\",\"dateModified\":\"2023-05-10T12:26:19+00:00\",\"breadcrumb\":{\"@id\":\"https:\/\/coudrevosenvies.fr\/mentions-legales\/#breadcrumb\"},\"inLanguage\":\"en-GB\",\"potentialAction\":[{\"@type\":\"ReadAction\",\"target\":[\"https:\/\/coudrevosenvies.fr\/mentions-legales\/\"]}]},{\"@type\":\"BreadcrumbList\",\"@id\":\"https:\/\/coudrevosenvies.fr\/mentions-legales\/#breadcrumb\",\"itemListElement\":[{\"@type\":\"ListItem\",\"position\":1,\"name\":\"Accueil\",\"item\":\"https:\/\/coudrevosenvies.fr\/\"},{\"@type\":\"ListItem\",\"position\":2,\"name\":\"Mentions L\u00e9gales\"}]},{\"@type\":\"WebSite\",\"@id\":\"https:\/\/coudrevosenvies.fr\/#website\",\"url\":\"https:\/\/coudrevosenvies.fr\/\",\"name\":\"Couture C\u00e9cile Cr\u00e9ations\",\"description\":\"Coudre vos Envies\",\"potentialAction\":[{\"@type\":\"SearchAction\",\"target\":{\"@type\":\"EntryPoint\",\"urlTemplate\":\"https:\/\/coudrevosenvies.fr\/?s={search_term_string}\"},\"query-input\":\"required name=search_term_string\"}],\"inLanguage\":\"en-GB\"}]}<\/script>\n<!-- \/ Yoast SEO plugin. -->","yoast_head_json":{"title":"Mentions L\u00e9gales - Couture C\u00e9cile Cr\u00e9ations","robots":{"index":"noindex","follow":"follow"},"og_locale":"en_GB","og_type":"article","og_title":"Mentions L\u00e9gales - Couture C\u00e9cile Cr\u00e9ations","og_description":"Raison Sociale&nbsp;: Couture C\u00e9cile Cr\u00e9ations Forme Juridique: Micro-entreprise Responsable de la r\u00e9daction&nbsp;: Mme C\u00e9cile Frezet Adresse du si\u00e8ge social&nbsp;: 27, lot. de Cod\u00e9rotaz &#8211; 01300 Brens &#8211; FranceT\u00e9l : 04 79 87 44 90 &#8211; Mail :&nbsp;cecile.creations@orange.frN\u00b0 Siret&nbsp;: 539 633 792 000 12\u200bAdresse du site Web&nbsp;: https:\/\/www.coudrevosenvies.fr H\u00e9bergeur&nbsp;: Ce site\u2026 Voir plus","og_url":"https:\/\/coudrevosenvies.fr\/en\/mentions-legales\/","og_site_name":"Couture C\u00e9cile Cr\u00e9ations","article_modified_time":"2023-05-10T12:26:19+00:00","twitter_card":"summary_large_image","twitter_misc":{"Estimated reading time":"2 minutes"},"schema":{"@context":"https:\/\/schema.org","@graph":[{"@type":"WebPage","@id":"https:\/\/coudrevosenvies.fr\/mentions-legales\/","url":"https:\/\/coudrevosenvies.fr\/mentions-legales\/","name":"Mentions L\u00e9gales - Couture C\u00e9cile Cr\u00e9ations","isPartOf":{"@id":"https:\/\/coudrevosenvies.fr\/#website"},"datePublished":"2022-01-24T10:46:38+00:00","dateModified":"2023-05-10T12:26:19+00:00","breadcrumb":{"@id":"https:\/\/coudrevosenvies.fr\/mentions-legales\/#breadcrumb"},"inLanguage":"en-GB","potentialAction":[{"@type":"ReadAction","target":["https:\/\/coudrevosenvies.fr\/mentions-legales\/"]}]},{"@type":"BreadcrumbList","@id":"https:\/\/coudrevosenvies.fr\/mentions-legales\/#breadcrumb","itemListElement":[{"@type":"ListItem","position":1,"name":"Accueil","item":"https:\/\/coudrevosenvies.fr\/"},{"@type":"ListItem","position":2,"name":"Mentions L\u00e9gales"}]},{"@type":"WebSite","@id":"https:\/\/coudrevosenvies.fr\/#website","url":"https:\/\/coudrevosenvies.fr\/","name":"Couture C\u00e9cile Cr\u00e9ations","description":"Coudre vos Envies","potentialAction":[{"@type":"SearchAction","target":{"@type":"EntryPoint","urlTemplate":"https:\/\/coudrevosenvies.fr\/?s={search_term_string}"},"query-input":"required name=search_term_string"}],"inLanguage":"en-GB"}]}},"_links":{"self":[{"href":"https:\/\/coudrevosenvies.fr\/en\/wp-json\/wp\/v2\/pages\/1438"}],"collection":[{"href":"https:\/\/coudrevosenvies.fr\/en\/wp-json\/wp\/v2\/pages"}],"about":[{"href":"https:\/\/coudrevosenvies.fr\/en\/wp-json\/wp\/v2\/types\/page"}],"author":[{"embeddable":true,"href":"https:\/\/coudrevosenvies.fr\/en\/wp-json\/wp\/v2\/users\/1"}],"replies":[{"embeddable":true,"href":"https:\/\/coudrevosenvies.fr\/en\/wp-json\/wp\/v2\/comments?post=1438"}],"version-history":[{"count":10,"href":"https:\/\/coudrevosenvies.fr\/en\/wp-json\/wp\/v2\/pages\/1438\/revisions"}],"predecessor-version":[{"id":1565,"href":"https:\/\/coudrevosenvies.fr\/en\/wp-json\/wp\/v2\/pages\/1438\/revisions\/1565"}],"wp:attachment":[{"href":"https:\/\/coudrevosenvies.fr\/en\/wp-json\/wp\/v2\/media?parent=1438"}],"curies":[{"name":"wp","href":"https:\/\/api.w.org\/{rel}","templated":true}]}}