{"id":118,"date":"2018-06-10T21:18:34","date_gmt":"2018-06-10T19:18:34","guid":{"rendered":"http:\/\/coudrevosenvies.fr\/?page_id=118"},"modified":"2022-01-25T18:11:38","modified_gmt":"2022-01-25T17:11:38","slug":"cours-de-couture","status":"publish","type":"page","link":"https:\/\/coudrevosenvies.fr\/en\/cours-de-couture\/","title":{"rendered":"Sewing Classes"},"content":{"rendered":"<p><span style=\"font-size: 14pt;\">Want to learn to sew and make your own creations? I offer sewing lessons for adults, for teenagers and for children from 5 years old. <\/span><\/p>\n<p><span style=\"font-size: 14pt;\"><strong>Participation in the sewing workshop <\/strong><strong>is<\/strong><strong> by appointment. <a href=\"https:\/\/coudrevosenvies.fr\/en\/cecilefrezet-couture-belley-01\/\">Contact me to register, by following this link!<\/a><\/strong><\/span><\/p>\n<p><span style=\"font-size: 14pt;\"><strong>Delivered individually &amp; in groups, my lessons cover several areas of learning to sew: <\/strong><\/span><\/p>\n<ul>\n<li><span style=\"font-size: 14pt;\">support for the realization of your personal project<\/span><\/li>\n<li><span style=\"font-size: 14pt;\">using your sewing machine<\/span><\/li>\n<li><span style=\"font-size: 14pt;\">understanding and mastering the basic rules of sewing<\/span><\/li>\n<li><span style=\"font-size: 14pt;\">customization of your clothes, pouches or bags<\/span><\/li>\n<li><span style=\"font-size: 14pt;\">sewing from a pattern<\/span><\/li>\n<\/ul>\n<p><span style=\"font-size: 14pt;\"><strong>Duration of the workshop:\u00a0<\/strong>2h00<\/span><\/p>\n<p><span style=\"font-size: 14pt;\"><strong>Adult rate:\u00a0<\/strong>25\u20ac\/person, (maximum 4 participants)<\/span><\/p>\n<p><span style=\"font-size: 14pt;\"><strong>Teen\/child rate: <\/strong>22\u20ac\/child (maximum 3 children)<\/span><\/p>\n<p>\u00a0<\/p>\n\n\n<figure class=\"wp-block-gallery columns-3 is-cropped wp-block-gallery-1 is-layout-flex wp-block-gallery-is-layout-flex\"><ul class=\"blocks-gallery-grid\"><li class=\"blocks-gallery-item\"><figure><img loading=\"lazy\" decoding=\"async\" width=\"600\" height=\"600\" src=\"https:\/\/coudrevosenvies.fr\/wp-content\/uploads\/2021\/09\/cours-de-couture-20210420_154347.jpg\" alt=\"mes services, cours de couture enfant\" data-id=\"1341\" data-full-url=\"https:\/\/coudrevosenvies.fr\/wp-content\/uploads\/2021\/09\/cours-de-couture-20210420_154347.jpg\" data-link=\"https:\/\/coudrevosenvies.fr\/2021\/09\/20\/cours-de-couture-enfants\/cours-de-couture-20210420_154347\/\" class=\"wp-image-1341\" srcset=\"https:\/\/coudrevosenvies.fr\/wp-content\/uploads\/2021\/09\/cours-de-couture-20210420_154347.jpg 600w, https:\/\/coudrevosenvies.fr\/wp-content\/uploads\/2021\/09\/cours-de-couture-20210420_154347-300x300.jpg 300w, https:\/\/coudrevosenvies.fr\/wp-content\/uploads\/2021\/09\/cours-de-couture-20210420_154347-150x150.jpg 150w, https:\/\/coudrevosenvies.fr\/wp-content\/uploads\/2021\/09\/cours-de-couture-20210420_154347-12x12.jpg 12w\" sizes=\"(max-width: 600px) 100vw, 600px\" \/><\/figure><\/li><li class=\"blocks-gallery-item\"><figure><img loading=\"lazy\" decoding=\"async\" width=\"600\" height=\"600\" src=\"https:\/\/coudrevosenvies.fr\/wp-content\/uploads\/2019\/09\/cours-couture-sep-19-142227.jpg\" alt=\"main sous une machine \u00e0 coudre cours de couture\" data-id=\"837\" data-full-url=\"https:\/\/coudrevosenvies.fr\/wp-content\/uploads\/2019\/09\/cours-couture-sep-19-142227.jpg\" data-link=\"https:\/\/coudrevosenvies.fr\/?attachment_id=837\" class=\"wp-image-837\" srcset=\"https:\/\/coudrevosenvies.fr\/wp-content\/uploads\/2019\/09\/cours-couture-sep-19-142227.jpg 600w, https:\/\/coudrevosenvies.fr\/wp-content\/uploads\/2019\/09\/cours-couture-sep-19-142227-300x300.jpg 300w, https:\/\/coudrevosenvies.fr\/wp-content\/uploads\/2019\/09\/cours-couture-sep-19-142227-150x150.jpg 150w, https:\/\/coudrevosenvies.fr\/wp-content\/uploads\/2019\/09\/cours-couture-sep-19-142227-12x12.jpg 12w\" sizes=\"(max-width: 600px) 100vw, 600px\" \/><\/figure><\/li><li class=\"blocks-gallery-item\"><figure><img loading=\"lazy\" decoding=\"async\" width=\"500\" height=\"667\" src=\"https:\/\/coudrevosenvies.fr\/wp-content\/uploads\/2019\/07\/enfant_142240.jpg\" alt=\"coussin tenu par un enfant cours de couture\" data-id=\"832\" data-full-url=\"https:\/\/coudrevosenvies.fr\/wp-content\/uploads\/2019\/07\/enfant_142240.jpg\" data-link=\"https:\/\/coudrevosenvies.fr\/cours-de-couture\/enfant_142240\/\" class=\"wp-image-832\" srcset=\"https:\/\/coudrevosenvies.fr\/wp-content\/uploads\/2019\/07\/enfant_142240.jpg 500w, https:\/\/coudrevosenvies.fr\/wp-content\/uploads\/2019\/07\/enfant_142240-225x300.jpg 225w, https:\/\/coudrevosenvies.fr\/wp-content\/uploads\/2019\/07\/enfant_142240-9x12.jpg 9w, https:\/\/coudrevosenvies.fr\/wp-content\/uploads\/2019\/07\/enfant_142240-112x150.jpg 112w\" sizes=\"(max-width: 500px) 100vw, 500px\" \/><\/figure><\/li><\/ul><figcaption class=\"blocks-gallery-caption\">Sewing lessons for children, teenagers and adults, introduction to the gestures and tools of the sewer<\/figcaption><\/figure>","protected":false},"excerpt":{"rendered":"<p>Envie d\u2019apprendre \u00e0 coudre et de confectionner vos propres cr\u00e9ations ? Je vous propose des cours de couture pour les adultes, pour les ados et pour les enfants \u00e0 partir de 5 ans. La participation \u00e0 l\u2019atelier de couture se fait sur rendez-vous. Contactez-moi pour vous inscrire, en suivant ce\u2026<\/p>\n<p> <a class=\"continue-reading-link\" href=\"https:\/\/coudrevosenvies.fr\/en\/cours-de-couture\/\"><span>See more<\/span><i class=\"crycon-right-dir\"><\/i><\/a> <\/p>","protected":false},"author":1,"featured_media":0,"parent":0,"menu_order":0,"comment_status":"closed","ping_status":"closed","template":"","meta":{"footnotes":""},"yoast_head":"<!-- This site is optimized with the Yoast SEO plugin v20.4 - https:\/\/yoast.com\/wordpress\/plugins\/seo\/ -->\n<title>Cours de couture individualis\u00e9 \u00e0 programmer sur rendez-vous<\/title>\n<meta name=\"description\" content=\"Coudre vos Envies: cours de couture individualis\u00e9s sur rendez-vous pour adultes et enfants. formation des techniques de bases, utilisation machine \u00e0 coudre\" \/>\n<meta name=\"robots\" content=\"index, follow, max-snippet:-1, max-image-preview:large, max-video-preview:-1\" \/>\n<link rel=\"canonical\" href=\"https:\/\/coudrevosenvies.fr\/en\/cours-de-couture\/\" \/>\n<meta property=\"og:locale\" content=\"en_GB\" \/>\n<meta property=\"og:type\" content=\"article\" \/>\n<meta property=\"og:title\" content=\"Cours de couture individualis\u00e9 \u00e0 programmer sur rendez-vous\" \/>\n<meta property=\"og:description\" content=\"Coudre vos Envies: cours de couture individualis\u00e9s sur rendez-vous pour adultes et enfants. formation des techniques de bases, utilisation machine \u00e0 coudre\" \/>\n<meta property=\"og:url\" content=\"https:\/\/coudrevosenvies.fr\/en\/cours-de-couture\/\" \/>\n<meta property=\"og:site_name\" content=\"Couture C\u00e9cile Cr\u00e9ations\" \/>\n<meta property=\"article:modified_time\" content=\"2022-01-25T17:11:38+00:00\" \/>\n<meta property=\"og:image\" content=\"https:\/\/coudrevosenvies.fr\/wp-content\/uploads\/2021\/09\/cours-de-couture-20210420_154347.jpg\" \/>\n<meta name=\"twitter:card\" content=\"summary_large_image\" \/>\n<meta name=\"twitter:label1\" content=\"Estimated reading time\" \/>\n\t<meta name=\"twitter:data1\" content=\"2 minutes\" \/>\n<script type=\"application\/ld+json\" class=\"yoast-schema-graph\">{\"@context\":\"https:\/\/schema.org\",\"@graph\":[{\"@type\":\"WebPage\",\"@id\":\"https:\/\/coudrevosenvies.fr\/en\/cours-de-couture\/\",\"url\":\"https:\/\/coudrevosenvies.fr\/en\/cours-de-couture\/\",\"name\":\"Cours de couture individualis\u00e9 \u00e0 programmer sur rendez-vous\",\"isPartOf\":{\"@id\":\"https:\/\/coudrevosenvies.fr\/#website\"},\"datePublished\":\"2018-06-10T19:18:34+00:00\",\"dateModified\":\"2022-01-25T17:11:38+00:00\",\"description\":\"Coudre vos Envies: cours de couture individualis\u00e9s sur rendez-vous pour adultes et enfants. formation des techniques de bases, utilisation machine \u00e0 coudre\",\"breadcrumb\":{\"@id\":\"https:\/\/coudrevosenvies.fr\/en\/cours-de-couture\/#breadcrumb\"},\"inLanguage\":\"en-GB\",\"potentialAction\":[{\"@type\":\"ReadAction\",\"target\":[\"https:\/\/coudrevosenvies.fr\/en\/cours-de-couture\/\"]}]},{\"@type\":\"BreadcrumbList\",\"@id\":\"https:\/\/coudrevosenvies.fr\/en\/cours-de-couture\/#breadcrumb\",\"itemListElement\":[{\"@type\":\"ListItem\",\"position\":1,\"name\":\"Accueil\",\"item\":\"https:\/\/coudrevosenvies.fr\/\"},{\"@type\":\"ListItem\",\"position\":2,\"name\":\"Cours de couture\"}]},{\"@type\":\"WebSite\",\"@id\":\"https:\/\/coudrevosenvies.fr\/#website\",\"url\":\"https:\/\/coudrevosenvies.fr\/\",\"name\":\"Couture C\u00e9cile Cr\u00e9ations\",\"description\":\"Coudre vos Envies\",\"potentialAction\":[{\"@type\":\"SearchAction\",\"target\":{\"@type\":\"EntryPoint\",\"urlTemplate\":\"https:\/\/coudrevosenvies.fr\/?s={search_term_string}\"},\"query-input\":\"required name=search_term_string\"}],\"inLanguage\":\"en-GB\"}]}<\/script>\n<!-- \/ Yoast SEO plugin. -->","yoast_head_json":{"title":"Cours de couture individualis\u00e9 \u00e0 programmer sur rendez-vous","description":"Coudre vos Envies: cours de couture individualis\u00e9s sur rendez-vous pour adultes et enfants. formation des techniques de bases, utilisation machine \u00e0 coudre","robots":{"index":"index","follow":"follow","max-snippet":"max-snippet:-1","max-image-preview":"max-image-preview:large","max-video-preview":"max-video-preview:-1"},"canonical":"https:\/\/coudrevosenvies.fr\/en\/cours-de-couture\/","og_locale":"en_GB","og_type":"article","og_title":"Cours de couture individualis\u00e9 \u00e0 programmer sur rendez-vous","og_description":"Coudre vos Envies: cours de couture individualis\u00e9s sur rendez-vous pour adultes et enfants. formation des techniques de bases, utilisation machine \u00e0 coudre","og_url":"https:\/\/coudrevosenvies.fr\/en\/cours-de-couture\/","og_site_name":"Couture C\u00e9cile Cr\u00e9ations","article_modified_time":"2022-01-25T17:11:38+00:00","og_image":[{"url":"https:\/\/coudrevosenvies.fr\/wp-content\/uploads\/2021\/09\/cours-de-couture-20210420_154347.jpg"}],"twitter_card":"summary_large_image","twitter_misc":{"Estimated reading time":"2 minutes"},"schema":{"@context":"https:\/\/schema.org","@graph":[{"@type":"WebPage","@id":"https:\/\/coudrevosenvies.fr\/en\/cours-de-couture\/","url":"https:\/\/coudrevosenvies.fr\/en\/cours-de-couture\/","name":"Cours de couture individualis\u00e9 \u00e0 programmer sur rendez-vous","isPartOf":{"@id":"https:\/\/coudrevosenvies.fr\/#website"},"datePublished":"2018-06-10T19:18:34+00:00","dateModified":"2022-01-25T17:11:38+00:00","description":"Coudre vos Envies: cours de couture individualis\u00e9s sur rendez-vous pour adultes et enfants. formation des techniques de bases, utilisation machine \u00e0 coudre","breadcrumb":{"@id":"https:\/\/coudrevosenvies.fr\/en\/cours-de-couture\/#breadcrumb"},"inLanguage":"en-GB","potentialAction":[{"@type":"ReadAction","target":["https:\/\/coudrevosenvies.fr\/en\/cours-de-couture\/"]}]},{"@type":"BreadcrumbList","@id":"https:\/\/coudrevosenvies.fr\/en\/cours-de-couture\/#breadcrumb","itemListElement":[{"@type":"ListItem","position":1,"name":"Accueil","item":"https:\/\/coudrevosenvies.fr\/"},{"@type":"ListItem","position":2,"name":"Cours de couture"}]},{"@type":"WebSite","@id":"https:\/\/coudrevosenvies.fr\/#website","url":"https:\/\/coudrevosenvies.fr\/","name":"Couture C\u00e9cile Cr\u00e9ations","description":"Coudre vos Envies","potentialAction":[{"@type":"SearchAction","target":{"@type":"EntryPoint","urlTemplate":"https:\/\/coudrevosenvies.fr\/?s={search_term_string}"},"query-input":"required name=search_term_string"}],"inLanguage":"en-GB"}]}},"_links":{"self":[{"href":"https:\/\/coudrevosenvies.fr\/en\/wp-json\/wp\/v2\/pages\/118"}],"collection":[{"href":"https:\/\/coudrevosenvies.fr\/en\/wp-json\/wp\/v2\/pages"}],"about":[{"href":"https:\/\/coudrevosenvies.fr\/en\/wp-json\/wp\/v2\/types\/page"}],"author":[{"embeddable":true,"href":"https:\/\/coudrevosenvies.fr\/en\/wp-json\/wp\/v2\/users\/1"}],"replies":[{"embeddable":true,"href":"https:\/\/coudrevosenvies.fr\/en\/wp-json\/wp\/v2\/comments?post=118"}],"version-history":[{"count":39,"href":"https:\/\/coudrevosenvies.fr\/en\/wp-json\/wp\/v2\/pages\/118\/revisions"}],"predecessor-version":[{"id":1654,"href":"https:\/\/coudrevosenvies.fr\/en\/wp-json\/wp\/v2\/pages\/118\/revisions\/1654"}],"wp:attachment":[{"href":"https:\/\/coudrevosenvies.fr\/en\/wp-json\/wp\/v2\/media?parent=118"}],"curies":[{"name":"wp","href":"https:\/\/api.w.org\/{rel}","templated":true}]}}