{"id":104,"date":"2018-06-10T21:01:13","date_gmt":"2018-06-10T19:01:13","guid":{"rendered":"http:\/\/coudrevosenvies.fr\/?page_id=104"},"modified":"2022-01-24T15:10:03","modified_gmt":"2022-01-24T14:10:03","slug":"cecilefrezet-couture-belley-01","status":"publish","type":"page","link":"https:\/\/coudrevosenvies.fr\/en\/cecilefrezet-couture-belley-01\/","title":{"rendered":"Contact"},"content":{"rendered":"<p><span style=\"font-size: 14pt;\">My Couture C\u00e9cile Cr\u00e9ations boutique workshop is open to visitors by appointment only. I therefore invite you to contact me for any visit request or for information on sewing lessons.<\/span><\/p>\n<p style=\"text-align: center;\"><span style=\"font-size: 14pt;\">Sewing workshop\u00a0<span style=\"font-family: Ubuntu;\">C\u00e9cile FREZET\u00a0<\/span><span style=\"font-family: 'Yanone Kaffeesatz Light';\">\u00a0<\/span><\/span><\/p>\n<p style=\"text-align: center;\"><span style=\"font-family: Ubuntu; font-size: 14pt;\">Cod\u00e9rotaz 01300 BRENS<\/span><\/p>\n<p style=\"text-align: center;\"><span style=\"font-size: 14pt;\"><img loading=\"lazy\" decoding=\"async\" class=\"wp-image-443 alignnone\" src=\"http:\/\/coudrevosenvies.fr\/wp-content\/uploads\/2018\/06\/phone-288x300.png\" alt=\"\" width=\"29\" height=\"31\" \/><span style=\"font-family: Ubuntu;\">33 (0)6 22 03 15 09 \/ +33 (0)4 79 87 44 90<\/span><\/span><\/p>\n<p style=\"text-align: center;\"><span style=\"font-size: 14pt;\"><a href=\"mailto:cecile.creations@orange.fr\" target=\"_blank\" rel=\"noopener noreferrer\">\u00a0<img loading=\"lazy\" decoding=\"async\" class=\"alignnone wp-image-445\" src=\"http:\/\/coudrevosenvies.fr\/wp-content\/uploads\/2018\/06\/Picto-Mail-300x300.png\" alt=\"\" width=\"28\" height=\"28\" \/>\u00a0cecile.creations@orange.fr<\/a><\/span><\/p>\n<p style=\"text-align: left;\"><span style=\"font-size: 14pt;\">I am very glad to sew your desires so do not hesitate to let me know your creative needs!<\/span><\/p>\n<p style=\"text-align: left;\"><span style=\"font-size: 14pt;\">Tell me about your project in a few lines by filling out the form below so that I can advise you and draw up an estimate.<\/span><\/p>\n<p style=\"text-align: center;\">\n<div class=\"wpcf7 no-js\" id=\"wpcf7-f5-o1\" lang=\"fr-FR\" dir=\"ltr\">\n<div class=\"screen-reader-response\"><p role=\"status\" aria-live=\"polite\" aria-atomic=\"true\"><\/p> <ul><\/ul><\/div>\n<form action=\"\/en\/wp-json\/wp\/v2\/pages\/104#wpcf7-f5-o1\" method=\"post\" class=\"wpcf7-form init\" aria-label=\"Formulaire de contact\" novalidate=\"novalidate\" data-status=\"init\" data-trp-original-action=\"\/en\/wp-json\/wp\/v2\/pages\/104#wpcf7-f5-o1\">\n<div style=\"display: none;\">\n<input type=\"hidden\" name=\"_wpcf7\" value=\"5\" \/>\n<input type=\"hidden\" name=\"_wpcf7_version\" value=\"5.7.6\" \/>\n<input type=\"hidden\" name=\"_wpcf7_locale\" value=\"fr_FR\" \/>\n<input type=\"hidden\" name=\"_wpcf7_unit_tag\" value=\"wpcf7-f5-o1\" \/>\n<input type=\"hidden\" name=\"_wpcf7_container_post\" value=\"0\" \/>\n<input type=\"hidden\" name=\"_wpcf7_posted_data_hash\" value=\"\" \/>\n<input type=\"hidden\" name=\"_wpcf7_recaptcha_response\" value=\"\" \/>\n<\/div>\n<p><label> Your name (required)<br \/>\n<span class=\"wpcf7-form-control-wrap\" data-name=\"your-name\"><input size=\"40\" class=\"wpcf7-form-control wpcf7-text wpcf7-validates-as-required\" aria-required=\"true\" aria-invalid=\"false\" value=\"\" type=\"text\" name=\"your-name\" \/><\/span> <\/label>\n<\/p>\n<p><label> Your email address (required)<br \/>\n<span class=\"wpcf7-form-control-wrap\" data-name=\"your-email\"><input size=\"40\" class=\"wpcf7-form-control wpcf7-text wpcf7-email wpcf7-validates-as-required wpcf7-validates-as-email\" aria-required=\"true\" aria-invalid=\"false\" value=\"\" type=\"email\" name=\"your-email\" \/><\/span> <\/label>\n<\/p>\n<p><label> Subject<br \/>\n<span class=\"wpcf7-form-control-wrap\" data-name=\"your-subject\"><input size=\"40\" class=\"wpcf7-form-control wpcf7-text\" aria-invalid=\"false\" value=\"\" type=\"text\" name=\"your-subject\" \/><\/span> <\/label>\n<\/p>\n<p><label> Your message<br \/>\n<span class=\"wpcf7-form-control-wrap\" data-name=\"your-message\"><textarea cols=\"40\" rows=\"10\" class=\"wpcf7-form-control wpcf7-textarea\" aria-invalid=\"false\" name=\"your-message\"><\/textarea><\/span> <\/label>\n<\/p>\n<p><span class=\"wpcf7-form-control-wrap\" data-name=\"acceptance-696\"><span class=\"wpcf7-form-control wpcf7-acceptance\"><span class=\"wpcf7-list-item\"><label><input type=\"checkbox\" name=\"acceptance-696\" value=\"1\" aria-invalid=\"false\" \/><span class=\"wpcf7-list-item-label\">By submitting this form, I accept that my information will be used exclusively within the framework of my request and the ethical and personalized commercial relationship that could result from it if I so wish.<\/span><\/label><\/span><\/span><\/span>\n<\/p>\n<p><input class=\"wpcf7-form-control has-spinner wpcf7-submit\" type=\"submit\" value=\"Envoyer\" \/>\n<\/p><div class=\"wpcf7-response-output\" aria-hidden=\"true\"><\/div>\n<input type=\"hidden\" name=\"trp-form-language\" value=\"en\"\/><\/form>\n<\/div>\n<\/p>\n<p>\u00a0<\/p>\n<center><iframe loading=\"lazy\" style=\"border: 0;\" src=\"https:\/\/www.google.com\/maps\/embed?pb=!1m18!1m12!1m3!1d4684.091951538077!2d5.688708988257108!3d45.72753024686642!2m3!1f0!2f0!3f0!3m2!1i1024!2i768!4f13.1!3m3!1m2!1s0x478b133fb89bee91%3A0xdaebbd0f58108cbc!2sCouture+C%C3%A9cile+Cr%C3%A9ations!5e0!3m2!1sfr!2sfr!4v1529396108895\" width=\"900\" height=\"400\" frameborder=\"0\" allowfullscreen=\"allowfullscreen\"><\/iframe><\/center>\n<p>\u00a0<\/p>\n\n\n<div class=\"wp-block-columns is-layout-flex wp-container-core-columns-is-layout-1 wp-block-columns-is-layout-flex\">\n<div class=\"wp-block-column is-layout-flow wp-block-column-is-layout-flow\">\n<div class=\"wp-block-image\"><figure class=\"alignright size-large is-resized\"><img loading=\"lazy\" decoding=\"async\" src=\"https:\/\/coudrevosenvies.fr\/wp-content\/uploads\/2021\/03\/870x489_logo-ara-rvb_bleu2.jpg\" alt=\"\" class=\"wp-image-1166\" width=\"264\" height=\"151\"\/><\/figure><\/div>\n<\/div>\n\n\n\n<div class=\"wp-block-column is-layout-flow wp-block-column-is-layout-flow\">\n<div class=\"wp-block-image\"><figure class=\"aligncenter size-large is-resized\"><img loading=\"lazy\" decoding=\"async\" src=\"https:\/\/coudrevosenvies.fr\/wp-content\/uploads\/2021\/03\/originain-bleu-vecto-999x1024.png\" alt=\"logo Origin'Ain label des entreprises de l'Ain\" class=\"wp-image-1149\" width=\"169\" height=\"173\" srcset=\"https:\/\/coudrevosenvies.fr\/wp-content\/uploads\/2021\/03\/originain-bleu-vecto-999x1024.png 999w, https:\/\/coudrevosenvies.fr\/wp-content\/uploads\/2021\/03\/originain-bleu-vecto-293x300.png 293w, https:\/\/coudrevosenvies.fr\/wp-content\/uploads\/2021\/03\/originain-bleu-vecto-768x787.png 768w, https:\/\/coudrevosenvies.fr\/wp-content\/uploads\/2021\/03\/originain-bleu-vecto-12x12.png 12w, https:\/\/coudrevosenvies.fr\/wp-content\/uploads\/2021\/03\/originain-bleu-vecto-146x150.png 146w, https:\/\/coudrevosenvies.fr\/wp-content\/uploads\/2021\/03\/originain-bleu-vecto.png 1206w\" sizes=\"(max-width: 169px) 100vw, 169px\" \/><\/figure><\/div>\n<\/div>\n\n\n\n<div class=\"wp-block-column is-layout-flow wp-block-column-is-layout-flow\">\n<figure class=\"wp-block-image size-large is-resized\"><img loading=\"lazy\" decoding=\"async\" src=\"https:\/\/coudrevosenvies.fr\/wp-content\/uploads\/2018\/06\/logo-artisan-dart.jpg\" alt=\"logo artisan d'art\" class=\"wp-image-155\" width=\"179\" height=\"177\" srcset=\"https:\/\/coudrevosenvies.fr\/wp-content\/uploads\/2018\/06\/logo-artisan-dart.jpg 371w, https:\/\/coudrevosenvies.fr\/wp-content\/uploads\/2018\/06\/logo-artisan-dart-300x297.jpg 300w, https:\/\/coudrevosenvies.fr\/wp-content\/uploads\/2018\/06\/logo-artisan-dart-12x12.jpg 12w, https:\/\/coudrevosenvies.fr\/wp-content\/uploads\/2018\/06\/logo-artisan-dart-150x148.jpg 150w\" sizes=\"(max-width: 179px) 100vw, 179px\" \/><\/figure>\n<\/div>\n<\/div>","protected":false},"excerpt":{"rendered":"<p>Mon atelier boutique Couture C\u00e9cile Cr\u00e9ations est ouvert aux visiteurs uniquement sur rendez-vous. Je vous invite donc \u00e0 me contacter pour toute demande de visite ou pour avoir des renseignements sur les cours de couture Atelier de Couture\u00a0C\u00e9cile FREZET\u00a0\u00a0 Cod\u00e9rotaz 01300 BRENS 33 (0)6 22 03 15 09 \/ +33\u2026<\/p>\n<p> <a class=\"continue-reading-link\" href=\"https:\/\/coudrevosenvies.fr\/en\/cecilefrezet-couture-belley-01\/\"><span>See more<\/span><i class=\"crycon-right-dir\"><\/i><\/a> <\/p>","protected":false},"author":1,"featured_media":0,"parent":0,"menu_order":0,"comment_status":"closed","ping_status":"closed","template":"","meta":{"footnotes":""},"yoast_head":"<!-- This site is optimized with the Yoast SEO plugin v20.4 - https:\/\/yoast.com\/wordpress\/plugins\/seo\/ -->\n<title>Couture C\u00e9cile Cr\u00e9ations Coudre vos Envies Devis sur mesure Contact direct<\/title>\n<meta name=\"description\" content=\"Couturi\u00e8re sp\u00e9cialis\u00e9e dans la d\u00e9coration de la maison, je couds des articles personnalis\u00e9es Contactez-moi pour un devis ajust\u00e9 \u00e0 votre besoin.\" \/>\n<meta name=\"robots\" content=\"index, follow, max-snippet:-1, max-image-preview:large, max-video-preview:-1\" \/>\n<link rel=\"canonical\" href=\"https:\/\/coudrevosenvies.fr\/en\/cecilefrezet-couture-belley-01\/\" \/>\n<meta property=\"og:locale\" content=\"en_GB\" \/>\n<meta property=\"og:type\" content=\"article\" \/>\n<meta property=\"og:title\" content=\"Couture C\u00e9cile Cr\u00e9ations Coudre vos Envies Devis sur mesure Contact direct\" \/>\n<meta property=\"og:description\" content=\"Couturi\u00e8re sp\u00e9cialis\u00e9e dans la d\u00e9coration de la maison, je couds des articles personnalis\u00e9es Contactez-moi pour un devis ajust\u00e9 \u00e0 votre besoin.\" \/>\n<meta property=\"og:url\" content=\"https:\/\/coudrevosenvies.fr\/en\/cecilefrezet-couture-belley-01\/\" \/>\n<meta property=\"og:site_name\" content=\"Couture C\u00e9cile Cr\u00e9ations\" \/>\n<meta property=\"article:modified_time\" content=\"2022-01-24T14:10:03+00:00\" \/>\n<meta property=\"og:image\" content=\"http:\/\/coudrevosenvies.fr\/wp-content\/uploads\/2018\/06\/phone-288x300.png\" \/>\n<meta name=\"twitter:card\" content=\"summary_large_image\" \/>\n<meta name=\"twitter:label1\" content=\"Estimated reading time\" \/>\n\t<meta name=\"twitter:data1\" content=\"2 minutes\" \/>\n<script type=\"application\/ld+json\" class=\"yoast-schema-graph\">{\"@context\":\"https:\/\/schema.org\",\"@graph\":[{\"@type\":\"WebPage\",\"@id\":\"http:\/\/coudrevosenvies.fr\/cecilefrezet-couture-belley-01\/\",\"url\":\"http:\/\/coudrevosenvies.fr\/cecilefrezet-couture-belley-01\/\",\"name\":\"Couture C\u00e9cile Cr\u00e9ations Coudre vos Envies Devis sur mesure Contact direct\",\"isPartOf\":{\"@id\":\"http:\/\/coudrevosenvies.fr\/#website\"},\"datePublished\":\"2018-06-10T19:01:13+00:00\",\"dateModified\":\"2022-01-24T14:10:03+00:00\",\"description\":\"Couturi\u00e8re sp\u00e9cialis\u00e9e dans la d\u00e9coration de la maison, je couds des articles personnalis\u00e9es Contactez-moi pour un devis ajust\u00e9 \u00e0 votre besoin.\",\"breadcrumb\":{\"@id\":\"http:\/\/coudrevosenvies.fr\/cecilefrezet-couture-belley-01\/#breadcrumb\"},\"inLanguage\":\"en-GB\",\"potentialAction\":[{\"@type\":\"ReadAction\",\"target\":[\"http:\/\/coudrevosenvies.fr\/cecilefrezet-couture-belley-01\/\"]}]},{\"@type\":\"BreadcrumbList\",\"@id\":\"http:\/\/coudrevosenvies.fr\/cecilefrezet-couture-belley-01\/#breadcrumb\",\"itemListElement\":[{\"@type\":\"ListItem\",\"position\":1,\"name\":\"Accueil\",\"item\":\"http:\/\/coudrevosenvies.fr\/\"},{\"@type\":\"ListItem\",\"position\":2,\"name\":\"Contact\"}]},{\"@type\":\"WebSite\",\"@id\":\"http:\/\/coudrevosenvies.fr\/#website\",\"url\":\"http:\/\/coudrevosenvies.fr\/\",\"name\":\"Couture C\u00e9cile Cr\u00e9ations\",\"description\":\"Coudre vos Envies\",\"potentialAction\":[{\"@type\":\"SearchAction\",\"target\":{\"@type\":\"EntryPoint\",\"urlTemplate\":\"http:\/\/coudrevosenvies.fr\/?s={search_term_string}\"},\"query-input\":\"required name=search_term_string\"}],\"inLanguage\":\"en-GB\"}]}<\/script>\n<!-- \/ Yoast SEO plugin. -->","yoast_head_json":{"title":"Couture C\u00e9cile Cr\u00e9ations Coudre vos Envies Devis sur mesure Contact direct","description":"Couturi\u00e8re sp\u00e9cialis\u00e9e dans la d\u00e9coration de la maison, je couds des articles personnalis\u00e9es Contactez-moi pour un devis ajust\u00e9 \u00e0 votre besoin.","robots":{"index":"index","follow":"follow","max-snippet":"max-snippet:-1","max-image-preview":"max-image-preview:large","max-video-preview":"max-video-preview:-1"},"canonical":"https:\/\/coudrevosenvies.fr\/en\/cecilefrezet-couture-belley-01\/","og_locale":"en_GB","og_type":"article","og_title":"Couture C\u00e9cile Cr\u00e9ations Coudre vos Envies Devis sur mesure Contact direct","og_description":"Couturi\u00e8re sp\u00e9cialis\u00e9e dans la d\u00e9coration de la maison, je couds des articles personnalis\u00e9es Contactez-moi pour un devis ajust\u00e9 \u00e0 votre besoin.","og_url":"https:\/\/coudrevosenvies.fr\/en\/cecilefrezet-couture-belley-01\/","og_site_name":"Couture C\u00e9cile Cr\u00e9ations","article_modified_time":"2022-01-24T14:10:03+00:00","og_image":[{"url":"http:\/\/coudrevosenvies.fr\/wp-content\/uploads\/2018\/06\/phone-288x300.png"}],"twitter_card":"summary_large_image","twitter_misc":{"Estimated reading time":"2 minutes"},"schema":{"@context":"https:\/\/schema.org","@graph":[{"@type":"WebPage","@id":"http:\/\/coudrevosenvies.fr\/cecilefrezet-couture-belley-01\/","url":"http:\/\/coudrevosenvies.fr\/cecilefrezet-couture-belley-01\/","name":"Couture C\u00e9cile Cr\u00e9ations Coudre vos Envies Devis sur mesure Contact direct","isPartOf":{"@id":"http:\/\/coudrevosenvies.fr\/#website"},"datePublished":"2018-06-10T19:01:13+00:00","dateModified":"2022-01-24T14:10:03+00:00","description":"Couturi\u00e8re sp\u00e9cialis\u00e9e dans la d\u00e9coration de la maison, je couds des articles personnalis\u00e9es Contactez-moi pour un devis ajust\u00e9 \u00e0 votre besoin.","breadcrumb":{"@id":"http:\/\/coudrevosenvies.fr\/cecilefrezet-couture-belley-01\/#breadcrumb"},"inLanguage":"en-GB","potentialAction":[{"@type":"ReadAction","target":["http:\/\/coudrevosenvies.fr\/cecilefrezet-couture-belley-01\/"]}]},{"@type":"BreadcrumbList","@id":"http:\/\/coudrevosenvies.fr\/cecilefrezet-couture-belley-01\/#breadcrumb","itemListElement":[{"@type":"ListItem","position":1,"name":"Accueil","item":"http:\/\/coudrevosenvies.fr\/"},{"@type":"ListItem","position":2,"name":"Contact"}]},{"@type":"WebSite","@id":"http:\/\/coudrevosenvies.fr\/#website","url":"http:\/\/coudrevosenvies.fr\/","name":"Couture C\u00e9cile Cr\u00e9ations","description":"Coudre vos Envies","potentialAction":[{"@type":"SearchAction","target":{"@type":"EntryPoint","urlTemplate":"http:\/\/coudrevosenvies.fr\/?s={search_term_string}"},"query-input":"required name=search_term_string"}],"inLanguage":"en-GB"}]}},"_links":{"self":[{"href":"https:\/\/coudrevosenvies.fr\/en\/wp-json\/wp\/v2\/pages\/104"}],"collection":[{"href":"https:\/\/coudrevosenvies.fr\/en\/wp-json\/wp\/v2\/pages"}],"about":[{"href":"https:\/\/coudrevosenvies.fr\/en\/wp-json\/wp\/v2\/types\/page"}],"author":[{"embeddable":true,"href":"https:\/\/coudrevosenvies.fr\/en\/wp-json\/wp\/v2\/users\/1"}],"replies":[{"embeddable":true,"href":"https:\/\/coudrevosenvies.fr\/en\/wp-json\/wp\/v2\/comments?post=104"}],"version-history":[{"count":54,"href":"https:\/\/coudrevosenvies.fr\/en\/wp-json\/wp\/v2\/pages\/104\/revisions"}],"predecessor-version":[{"id":1454,"href":"https:\/\/coudrevosenvies.fr\/en\/wp-json\/wp\/v2\/pages\/104\/revisions\/1454"}],"wp:attachment":[{"href":"https:\/\/coudrevosenvies.fr\/en\/wp-json\/wp\/v2\/media?parent=104"}],"curies":[{"name":"wp","href":"https:\/\/api.w.org\/{rel}","templated":true}]}}