{"id":291,"date":"2018-06-19T13:52:22","date_gmt":"2018-06-19T11:52:22","guid":{"rendered":"http:\/\/coudrevosenvies.fr\/?page_id=291"},"modified":"2021-09-26T03:37:49","modified_gmt":"2021-09-26T01:37:49","slug":"personnalisation-broderie-pieces-uniques","status":"publish","type":"page","link":"http:\/\/coudrevosenvies.fr\/en\/personnalisation-broderie-pieces-uniques\/","title":{"rendered":"Personalization"},"content":{"rendered":"<p><img loading=\"lazy\" decoding=\"async\" class=\"alignnone wp-image-125\" src=\"http:\/\/coudrevosenvies.fr\/wp-content\/uploads\/2018\/06\/Logo-Coudre-vos-envies-WEBen-t\u00eate.jpg\" alt=\"\" width=\"113\" height=\"113\" \/><span style=\"font-size: 14pt;\"><strong>C\u00e9cile Cr\u00e9ations<\/strong><span style=\"font-family: Ubuntu;\"><strong>\u00a0Coudre vos envies \u00ae<\/strong>\u00a0is a\u00a0<strong>trademark<\/strong>\u00a0.<\/span><\/span><\/p>\n<p><span style=\"font-size: 14pt;\">On every item made in my sewing studio <strong>a label is sewn<\/strong> bearing the words \"\u00a0<strong>C\u00e9cile Cr\u00e9ations\u00a0Coudre vos envies \u00bb <\/strong><strong>who<\/strong> guarantees its artisanal manufacture and the Made in France certification.<\/span><\/p>\n<p><span style=\"font-size: 14pt;\">I personalize your gifts, your accessories and your linens so that they are absolutely unique!<\/span><\/p>\n<p><span style=\"font-size: 14pt;\">Do you want to embroider a name on a towel or bath sheet, add a specific design to your apron, embroider a pocket square or apply a handmade logo on a polo shirt? Using my embroidery machine, I realize the customization and the little personal touch that will make the difference!<\/span><\/p>\n<p><span style=\"font-size: 14pt;\">To do this customization work, I use <strong>precise and refined sewing techniques <\/strong>such as embroidery, making matching buttons, braids as well as making bias and piping.<\/span><\/p>\n<p><span style=\"font-size: 14pt;\"><strong>\u00a0<\/strong><\/span><\/p>\n<p><span style=\"font-size: 14pt;\"><strong>I will be happy to personalize your textile accessory to make it<\/strong> <strong>original et singulier ! \u00a0<\/strong><\/span><\/p>\n<p>\u00a0<\/p>\n\n\n<p><\/p>\n\n\n\n<div class=\"wp-block-image\"><figure class=\"alignleft size-full is-resized\"><img loading=\"lazy\" decoding=\"async\" src=\"https:\/\/coudrevosenvies.fr\/wp-content\/uploads\/2018\/06\/tabliers-broderie-009-CECILE-COUTURE.jpg\" alt=\"\" class=\"wp-image-1292\" width=\"502\" height=\"390\" srcset=\"http:\/\/coudrevosenvies.fr\/wp-content\/uploads\/2018\/06\/tabliers-broderie-009-CECILE-COUTURE.jpg 900w, http:\/\/coudrevosenvies.fr\/wp-content\/uploads\/2018\/06\/tabliers-broderie-009-CECILE-COUTURE-300x233.jpg 300w, http:\/\/coudrevosenvies.fr\/wp-content\/uploads\/2018\/06\/tabliers-broderie-009-CECILE-COUTURE-768x597.jpg 768w, http:\/\/coudrevosenvies.fr\/wp-content\/uploads\/2018\/06\/tabliers-broderie-009-CECILE-COUTURE-15x12.jpg 15w, http:\/\/coudrevosenvies.fr\/wp-content\/uploads\/2018\/06\/tabliers-broderie-009-CECILE-COUTURE-150x117.jpg 150w, http:\/\/coudrevosenvies.fr\/wp-content\/uploads\/2018\/06\/tabliers-broderie-009-CECILE-COUTURE-400x311.jpg 400w\" sizes=\"(max-width: 502px) 100vw, 502px\" \/><\/figure><\/div>","protected":false},"excerpt":{"rendered":"<p>C\u00e9cile Cr\u00e9ations\u00a0Coudre vos envies \u00ae\u00a0est une\u00a0marque\u00a0d\u00e9pos\u00e9e. Sur chaque article confectionn\u00e9 dans mon atelier de couture est cousue une \u00e9tiquette comportant la mention \u00ab\u00a0C\u00e9cile Cr\u00e9ations\u00a0Coudre vos envies \u00bb qui garantit sa fabrication artisanale et la certification Made in France. Je personnalise vos cadeaux, vos accessoires et votre linge de maison pour\u2026<\/p>\n<p> <a class=\"continue-reading-link\" href=\"http:\/\/coudrevosenvies.fr\/en\/personnalisation-broderie-pieces-uniques\/\"><span>See more<\/span><i class=\"crycon-right-dir\"><\/i><\/a> <\/p>","protected":false},"author":1,"featured_media":0,"parent":0,"menu_order":0,"comment_status":"closed","ping_status":"closed","template":"","meta":{"footnotes":""},"yoast_head":"<!-- This site is optimized with the Yoast SEO plugin v20.4 - https:\/\/yoast.com\/wordpress\/plugins\/seo\/ -->\n<title>Couture personnalis\u00e9e, broderie, fabrication de biais, bouton \u00e0 recouvrir<\/title>\n<meta name=\"description\" content=\"Coudre vos Envies: &quot;une marque d\u00e9pos\u00e9e&quot; couture personnalis\u00e9e, broderie, fabrication de biais, bouton \u00e0 recouvrir, la technique est au service de vos envies\" \/>\n<meta name=\"robots\" content=\"index, follow, max-snippet:-1, max-image-preview:large, max-video-preview:-1\" \/>\n<link rel=\"canonical\" href=\"http:\/\/coudrevosenvies.fr\/en\/personnalisation-broderie-pieces-uniques\/\" \/>\n<meta property=\"og:locale\" content=\"en_GB\" \/>\n<meta property=\"og:type\" content=\"article\" \/>\n<meta property=\"og:title\" content=\"Couture personnalis\u00e9e, broderie, fabrication de biais, bouton \u00e0 recouvrir\" \/>\n<meta property=\"og:description\" content=\"Coudre vos Envies: &quot;une marque d\u00e9pos\u00e9e&quot; couture personnalis\u00e9e, broderie, fabrication de biais, bouton \u00e0 recouvrir, la technique est au service de vos envies\" \/>\n<meta property=\"og:url\" content=\"http:\/\/coudrevosenvies.fr\/en\/personnalisation-broderie-pieces-uniques\/\" \/>\n<meta property=\"og:site_name\" content=\"Couture C\u00e9cile Cr\u00e9ations\" \/>\n<meta property=\"article:modified_time\" content=\"2021-09-26T01:37:49+00:00\" \/>\n<meta property=\"og:image\" content=\"https:\/\/coudrevosenvies.fr\/wp-content\/uploads\/2018\/06\/tabliers-broderie-009-CECILE-COUTURE.jpg\" \/>\n<meta name=\"twitter:card\" content=\"summary_large_image\" \/>\n<meta name=\"twitter:label1\" content=\"Estimated reading time\" \/>\n\t<meta name=\"twitter:data1\" content=\"2 minutes\" \/>\n<script type=\"application\/ld+json\" class=\"yoast-schema-graph\">{\"@context\":\"https:\/\/schema.org\",\"@graph\":[{\"@type\":\"WebPage\",\"@id\":\"https:\/\/coudrevosenvies.fr\/personnalisation-broderie-pieces-uniques\/\",\"url\":\"https:\/\/coudrevosenvies.fr\/personnalisation-broderie-pieces-uniques\/\",\"name\":\"Couture personnalis\u00e9e, broderie, fabrication de biais, bouton \u00e0 recouvrir\",\"isPartOf\":{\"@id\":\"http:\/\/coudrevosenvies.fr\/#website\"},\"datePublished\":\"2018-06-19T11:52:22+00:00\",\"dateModified\":\"2021-09-26T01:37:49+00:00\",\"description\":\"Coudre vos Envies: \\\"une marque d\u00e9pos\u00e9e\\\" couture personnalis\u00e9e, broderie, fabrication de biais, bouton \u00e0 recouvrir, la technique est au service de vos envies\",\"breadcrumb\":{\"@id\":\"https:\/\/coudrevosenvies.fr\/personnalisation-broderie-pieces-uniques\/#breadcrumb\"},\"inLanguage\":\"en-GB\",\"potentialAction\":[{\"@type\":\"ReadAction\",\"target\":[\"https:\/\/coudrevosenvies.fr\/personnalisation-broderie-pieces-uniques\/\"]}]},{\"@type\":\"BreadcrumbList\",\"@id\":\"https:\/\/coudrevosenvies.fr\/personnalisation-broderie-pieces-uniques\/#breadcrumb\",\"itemListElement\":[{\"@type\":\"ListItem\",\"position\":1,\"name\":\"Accueil\",\"item\":\"http:\/\/coudrevosenvies.fr\/\"},{\"@type\":\"ListItem\",\"position\":2,\"name\":\"Personnalisation\"}]},{\"@type\":\"WebSite\",\"@id\":\"http:\/\/coudrevosenvies.fr\/#website\",\"url\":\"http:\/\/coudrevosenvies.fr\/\",\"name\":\"Couture C\u00e9cile Cr\u00e9ations\",\"description\":\"Coudre vos Envies\",\"potentialAction\":[{\"@type\":\"SearchAction\",\"target\":{\"@type\":\"EntryPoint\",\"urlTemplate\":\"http:\/\/coudrevosenvies.fr\/?s={search_term_string}\"},\"query-input\":\"required name=search_term_string\"}],\"inLanguage\":\"en-GB\"}]}<\/script>\n<!-- \/ Yoast SEO plugin. -->","yoast_head_json":{"title":"Couture personnalis\u00e9e, broderie, fabrication de biais, bouton \u00e0 recouvrir","description":"Coudre vos Envies: \"une marque d\u00e9pos\u00e9e\" couture personnalis\u00e9e, broderie, fabrication de biais, bouton \u00e0 recouvrir, la technique est au service de vos envies","robots":{"index":"index","follow":"follow","max-snippet":"max-snippet:-1","max-image-preview":"max-image-preview:large","max-video-preview":"max-video-preview:-1"},"canonical":"http:\/\/coudrevosenvies.fr\/en\/personnalisation-broderie-pieces-uniques\/","og_locale":"en_GB","og_type":"article","og_title":"Couture personnalis\u00e9e, broderie, fabrication de biais, bouton \u00e0 recouvrir","og_description":"Coudre vos Envies: \"une marque d\u00e9pos\u00e9e\" couture personnalis\u00e9e, broderie, fabrication de biais, bouton \u00e0 recouvrir, la technique est au service de vos envies","og_url":"http:\/\/coudrevosenvies.fr\/en\/personnalisation-broderie-pieces-uniques\/","og_site_name":"Couture C\u00e9cile Cr\u00e9ations","article_modified_time":"2021-09-26T01:37:49+00:00","og_image":[{"url":"https:\/\/coudrevosenvies.fr\/wp-content\/uploads\/2018\/06\/tabliers-broderie-009-CECILE-COUTURE.jpg"}],"twitter_card":"summary_large_image","twitter_misc":{"Estimated reading time":"2 minutes"},"schema":{"@context":"https:\/\/schema.org","@graph":[{"@type":"WebPage","@id":"https:\/\/coudrevosenvies.fr\/personnalisation-broderie-pieces-uniques\/","url":"https:\/\/coudrevosenvies.fr\/personnalisation-broderie-pieces-uniques\/","name":"Couture personnalis\u00e9e, broderie, fabrication de biais, bouton \u00e0 recouvrir","isPartOf":{"@id":"http:\/\/coudrevosenvies.fr\/#website"},"datePublished":"2018-06-19T11:52:22+00:00","dateModified":"2021-09-26T01:37:49+00:00","description":"Coudre vos Envies: \"une marque d\u00e9pos\u00e9e\" couture personnalis\u00e9e, broderie, fabrication de biais, bouton \u00e0 recouvrir, la technique est au service de vos envies","breadcrumb":{"@id":"https:\/\/coudrevosenvies.fr\/personnalisation-broderie-pieces-uniques\/#breadcrumb"},"inLanguage":"en-GB","potentialAction":[{"@type":"ReadAction","target":["https:\/\/coudrevosenvies.fr\/personnalisation-broderie-pieces-uniques\/"]}]},{"@type":"BreadcrumbList","@id":"https:\/\/coudrevosenvies.fr\/personnalisation-broderie-pieces-uniques\/#breadcrumb","itemListElement":[{"@type":"ListItem","position":1,"name":"Accueil","item":"http:\/\/coudrevosenvies.fr\/"},{"@type":"ListItem","position":2,"name":"Personnalisation"}]},{"@type":"WebSite","@id":"http:\/\/coudrevosenvies.fr\/#website","url":"http:\/\/coudrevosenvies.fr\/","name":"Couture C\u00e9cile Cr\u00e9ations","description":"Coudre vos Envies","potentialAction":[{"@type":"SearchAction","target":{"@type":"EntryPoint","urlTemplate":"http:\/\/coudrevosenvies.fr\/?s={search_term_string}"},"query-input":"required name=search_term_string"}],"inLanguage":"en-GB"}]}},"_links":{"self":[{"href":"http:\/\/coudrevosenvies.fr\/en\/wp-json\/wp\/v2\/pages\/291"}],"collection":[{"href":"http:\/\/coudrevosenvies.fr\/en\/wp-json\/wp\/v2\/pages"}],"about":[{"href":"http:\/\/coudrevosenvies.fr\/en\/wp-json\/wp\/v2\/types\/page"}],"author":[{"embeddable":true,"href":"http:\/\/coudrevosenvies.fr\/en\/wp-json\/wp\/v2\/users\/1"}],"replies":[{"embeddable":true,"href":"http:\/\/coudrevosenvies.fr\/en\/wp-json\/wp\/v2\/comments?post=291"}],"version-history":[{"count":29,"href":"http:\/\/coudrevosenvies.fr\/en\/wp-json\/wp\/v2\/pages\/291\/revisions"}],"predecessor-version":[{"id":1372,"href":"http:\/\/coudrevosenvies.fr\/en\/wp-json\/wp\/v2\/pages\/291\/revisions\/1372"}],"wp:attachment":[{"href":"http:\/\/coudrevosenvies.fr\/en\/wp-json\/wp\/v2\/media?parent=291"}],"curies":[{"name":"wp","href":"https:\/\/api.w.org\/{rel}","templated":true}]}}