{"id":211,"date":"2018-06-12T19:50:51","date_gmt":"2018-06-12T17:50:51","guid":{"rendered":"http:\/\/coudrevosenvies.fr\/?page_id=211"},"modified":"2022-01-25T15:22:05","modified_gmt":"2022-01-25T14:22:05","slug":"reparacteur-de-l-ain","status":"publish","type":"page","link":"http:\/\/coudrevosenvies.fr\/en\/reparacteur-de-l-ain\/","title":{"rendered":"Repair"},"content":{"rendered":"<div class=\"wp-block-image\"><figure class=\"alignleft size-large is-resized\"><img loading=\"lazy\" decoding=\"async\" src=\"https:\/\/coudrevosenvies.fr\/wp-content\/uploads\/2021\/02\/logo-reparacteur-1.jpg\" alt=\"\" class=\"wp-image-1131\" width=\"312\" height=\"159\" srcset=\"http:\/\/coudrevosenvies.fr\/wp-content\/uploads\/2021\/02\/logo-reparacteur-1.jpg 346w, http:\/\/coudrevosenvies.fr\/wp-content\/uploads\/2021\/02\/logo-reparacteur-1-300x153.jpg 300w, http:\/\/coudrevosenvies.fr\/wp-content\/uploads\/2021\/02\/logo-reparacteur-1-18x9.jpg 18w, http:\/\/coudrevosenvies.fr\/wp-content\/uploads\/2021\/02\/logo-reparacteur-1-150x76.jpg 150w\" sizes=\"(max-width: 312px) 100vw, 312px\" \/><\/figure><\/div>\n\n\n\n\n<p><span style=\"font-size: 14pt;\"><b>Don't throw away your torn or damaged fabrics, I can fix them! <\/b><\/span><\/p>\n<p><span style=\"font-size: 14pt;\">Entrust me with your old damaged fabrics and accessories stored at the back of your cupboards, I will mend and transform them to give them a second life and a new use.<\/span><\/p>\n<p><span style=\"font-size: 14pt;\">After evaluating the condition of the item, I recover what can be and repair it.\u00a0<\/span><\/p>\n<p><span style=\"font-size: 14pt;\">The sewing workshop C\u00e9cile Cr\u00e9ations is an active craftsman in the catalog of R\u00e9par'acteurs of the Chambre de Commerce de L'Ain.<\/span><\/p>\n<p><span style=\"font-size: 14pt;\">You can discover the repairers classified by sector of activity and by region by clicking on the following link:\u00a0<a href=\"https:\/\/www.annuaire-reparation.fr\/\" target=\"_blank\" rel=\"noopener noreferrer\">https:\/\/www.annuaire-reparation.fr\/<\/a><\/span><\/p>\n<p style=\"text-align: center;\"><div id=\"twenty20-1\" class=\"twenty20\" style=\"width: 100% !important; clear: both;\"><div class=\"twentytwenty-container twenty20-1\"><img decoding=\"async\" src=\"http:\/\/coudrevosenvies.fr\/wp-content\/uploads\/2019\/03\/113533housse-de-chaise-avant.jpg\" alt=\"Galette de chaise avant r\u00e9parartion\" \/><img decoding=\"async\" src=\"http:\/\/coudrevosenvies.fr\/wp-content\/uploads\/2019\/03\/113739housse-de-chaise-aprs.jpg\" alt=\"galette de chaise apr\u00e8s r\u00e9paration\" \/><\/div><\/div><\/p>","protected":false},"excerpt":{"rendered":"<p>Ne jetez plus vos tissus d\u00e9chir\u00e9s ou ab\u00eem\u00e9s, je peux les r\u00e9parer ! Confiez-moi vos anciens tissus et accessoires endommag\u00e9s remis\u00e9s au fond de vos armoires, je les raccommode et les transforme pour leur donner une seconde vie et un nouvel usage. Apr\u00e8s \u00e9valuation de l\u2019\u00e9tat de l\u2019article, je r\u00e9cup\u00e8re\u2026<\/p>\n<p> <a class=\"continue-reading-link\" href=\"http:\/\/coudrevosenvies.fr\/en\/reparacteur-de-l-ain\/\"><span>See more<\/span><i class=\"crycon-right-dir\"><\/i><\/a> <\/p>","protected":false},"author":1,"featured_media":0,"parent":0,"menu_order":0,"comment_status":"closed","ping_status":"closed","template":"","meta":{"footnotes":""},"yoast_head":"<!-- This site is optimized with the Yoast SEO plugin v20.4 - https:\/\/yoast.com\/wordpress\/plugins\/seo\/ -->\n<title>R\u00e9par&#039;Acteur de l&#039;Ain, r\u00e9paration, customisation, ne jetez plus un tissu d\u00e9chir\u00e9<\/title>\n<meta name=\"description\" content=\"Coudre vos Envies: r\u00e9paration, customisation, ne jetez plus un tissu d\u00e9chir\u00e9 je le r\u00e9pare et sortez vos anciens tissus de l&#039;armoire pour un relooking\" \/>\n<meta name=\"robots\" content=\"index, follow, max-snippet:-1, max-image-preview:large, max-video-preview:-1\" \/>\n<link rel=\"canonical\" href=\"http:\/\/coudrevosenvies.fr\/en\/reparacteur-de-l-ain\/\" \/>\n<meta property=\"og:locale\" content=\"en_GB\" \/>\n<meta property=\"og:type\" content=\"article\" \/>\n<meta property=\"og:title\" content=\"R\u00e9par&#039;Acteur de l&#039;Ain, r\u00e9paration, customisation, ne jetez plus un tissu d\u00e9chir\u00e9\" \/>\n<meta property=\"og:description\" content=\"Coudre vos Envies: r\u00e9paration, customisation, ne jetez plus un tissu d\u00e9chir\u00e9 je le r\u00e9pare et sortez vos anciens tissus de l&#039;armoire pour un relooking\" \/>\n<meta property=\"og:url\" content=\"http:\/\/coudrevosenvies.fr\/en\/reparacteur-de-l-ain\/\" \/>\n<meta property=\"og:site_name\" content=\"Couture C\u00e9cile Cr\u00e9ations\" \/>\n<meta property=\"article:modified_time\" content=\"2022-01-25T14:22:05+00:00\" \/>\n<meta property=\"og:image\" content=\"https:\/\/coudrevosenvies.fr\/wp-content\/uploads\/2021\/02\/logo-reparacteur-1.jpg\" \/>\n<meta name=\"twitter:card\" content=\"summary_large_image\" \/>\n<meta name=\"twitter:label1\" content=\"Estimated reading time\" \/>\n\t<meta name=\"twitter:data1\" content=\"1 minute\" \/>\n<script type=\"application\/ld+json\" class=\"yoast-schema-graph\">{\"@context\":\"https:\/\/schema.org\",\"@graph\":[{\"@type\":\"WebPage\",\"@id\":\"https:\/\/coudrevosenvies.fr\/reparacteur-de-l-ain\/\",\"url\":\"https:\/\/coudrevosenvies.fr\/reparacteur-de-l-ain\/\",\"name\":\"R\u00e9par'Acteur de l'Ain, r\u00e9paration, customisation, ne jetez plus un tissu d\u00e9chir\u00e9\",\"isPartOf\":{\"@id\":\"https:\/\/coudrevosenvies.fr\/#website\"},\"datePublished\":\"2018-06-12T17:50:51+00:00\",\"dateModified\":\"2022-01-25T14:22:05+00:00\",\"description\":\"Coudre vos Envies: r\u00e9paration, customisation, ne jetez plus un tissu d\u00e9chir\u00e9 je le r\u00e9pare et sortez vos anciens tissus de l'armoire pour un relooking\",\"breadcrumb\":{\"@id\":\"https:\/\/coudrevosenvies.fr\/reparacteur-de-l-ain\/#breadcrumb\"},\"inLanguage\":\"en-GB\",\"potentialAction\":[{\"@type\":\"ReadAction\",\"target\":[\"https:\/\/coudrevosenvies.fr\/reparacteur-de-l-ain\/\"]}]},{\"@type\":\"BreadcrumbList\",\"@id\":\"https:\/\/coudrevosenvies.fr\/reparacteur-de-l-ain\/#breadcrumb\",\"itemListElement\":[{\"@type\":\"ListItem\",\"position\":1,\"name\":\"Accueil\",\"item\":\"https:\/\/coudrevosenvies.fr\/\"},{\"@type\":\"ListItem\",\"position\":2,\"name\":\"R\u00e9paration\"}]},{\"@type\":\"WebSite\",\"@id\":\"https:\/\/coudrevosenvies.fr\/#website\",\"url\":\"https:\/\/coudrevosenvies.fr\/\",\"name\":\"Couture C\u00e9cile Cr\u00e9ations\",\"description\":\"Coudre vos Envies\",\"potentialAction\":[{\"@type\":\"SearchAction\",\"target\":{\"@type\":\"EntryPoint\",\"urlTemplate\":\"https:\/\/coudrevosenvies.fr\/?s={search_term_string}\"},\"query-input\":\"required name=search_term_string\"}],\"inLanguage\":\"en-GB\"}]}<\/script>\n<!-- \/ Yoast SEO plugin. -->","yoast_head_json":{"title":"R\u00e9par'Acteur de l'Ain, r\u00e9paration, customisation, ne jetez plus un tissu d\u00e9chir\u00e9","description":"Coudre vos Envies: r\u00e9paration, customisation, ne jetez plus un tissu d\u00e9chir\u00e9 je le r\u00e9pare et sortez vos anciens tissus de l'armoire pour un relooking","robots":{"index":"index","follow":"follow","max-snippet":"max-snippet:-1","max-image-preview":"max-image-preview:large","max-video-preview":"max-video-preview:-1"},"canonical":"http:\/\/coudrevosenvies.fr\/en\/reparacteur-de-l-ain\/","og_locale":"en_GB","og_type":"article","og_title":"R\u00e9par'Acteur de l'Ain, r\u00e9paration, customisation, ne jetez plus un tissu d\u00e9chir\u00e9","og_description":"Coudre vos Envies: r\u00e9paration, customisation, ne jetez plus un tissu d\u00e9chir\u00e9 je le r\u00e9pare et sortez vos anciens tissus de l'armoire pour un relooking","og_url":"http:\/\/coudrevosenvies.fr\/en\/reparacteur-de-l-ain\/","og_site_name":"Couture C\u00e9cile Cr\u00e9ations","article_modified_time":"2022-01-25T14:22:05+00:00","og_image":[{"url":"https:\/\/coudrevosenvies.fr\/wp-content\/uploads\/2021\/02\/logo-reparacteur-1.jpg"}],"twitter_card":"summary_large_image","twitter_misc":{"Estimated reading time":"1 minute"},"schema":{"@context":"https:\/\/schema.org","@graph":[{"@type":"WebPage","@id":"https:\/\/coudrevosenvies.fr\/reparacteur-de-l-ain\/","url":"https:\/\/coudrevosenvies.fr\/reparacteur-de-l-ain\/","name":"R\u00e9par'Acteur de l'Ain, r\u00e9paration, customisation, ne jetez plus un tissu d\u00e9chir\u00e9","isPartOf":{"@id":"https:\/\/coudrevosenvies.fr\/#website"},"datePublished":"2018-06-12T17:50:51+00:00","dateModified":"2022-01-25T14:22:05+00:00","description":"Coudre vos Envies: r\u00e9paration, customisation, ne jetez plus un tissu d\u00e9chir\u00e9 je le r\u00e9pare et sortez vos anciens tissus de l'armoire pour un relooking","breadcrumb":{"@id":"https:\/\/coudrevosenvies.fr\/reparacteur-de-l-ain\/#breadcrumb"},"inLanguage":"en-GB","potentialAction":[{"@type":"ReadAction","target":["https:\/\/coudrevosenvies.fr\/reparacteur-de-l-ain\/"]}]},{"@type":"BreadcrumbList","@id":"https:\/\/coudrevosenvies.fr\/reparacteur-de-l-ain\/#breadcrumb","itemListElement":[{"@type":"ListItem","position":1,"name":"Accueil","item":"https:\/\/coudrevosenvies.fr\/"},{"@type":"ListItem","position":2,"name":"R\u00e9paration"}]},{"@type":"WebSite","@id":"https:\/\/coudrevosenvies.fr\/#website","url":"https:\/\/coudrevosenvies.fr\/","name":"Couture C\u00e9cile Cr\u00e9ations","description":"Coudre vos Envies","potentialAction":[{"@type":"SearchAction","target":{"@type":"EntryPoint","urlTemplate":"https:\/\/coudrevosenvies.fr\/?s={search_term_string}"},"query-input":"required name=search_term_string"}],"inLanguage":"en-GB"}]}},"_links":{"self":[{"href":"http:\/\/coudrevosenvies.fr\/en\/wp-json\/wp\/v2\/pages\/211"}],"collection":[{"href":"http:\/\/coudrevosenvies.fr\/en\/wp-json\/wp\/v2\/pages"}],"about":[{"href":"http:\/\/coudrevosenvies.fr\/en\/wp-json\/wp\/v2\/types\/page"}],"author":[{"embeddable":true,"href":"http:\/\/coudrevosenvies.fr\/en\/wp-json\/wp\/v2\/users\/1"}],"replies":[{"embeddable":true,"href":"http:\/\/coudrevosenvies.fr\/en\/wp-json\/wp\/v2\/comments?post=211"}],"version-history":[{"count":41,"href":"http:\/\/coudrevosenvies.fr\/en\/wp-json\/wp\/v2\/pages\/211\/revisions"}],"predecessor-version":[{"id":1490,"href":"http:\/\/coudrevosenvies.fr\/en\/wp-json\/wp\/v2\/pages\/211\/revisions\/1490"}],"wp:attachment":[{"href":"http:\/\/coudrevosenvies.fr\/en\/wp-json\/wp\/v2\/media?parent=211"}],"curies":[{"name":"wp","href":"https:\/\/api.w.org\/{rel}","templated":true}]}}